{"id":14,"date":"2020-11-17T12:13:55","date_gmt":"2020-11-17T12:13:55","guid":{"rendered":"http:\/\/fy21xaijsc.preview.infomaniak.website\/?page_id=14"},"modified":"2023-02-02T09:08:37","modified_gmt":"2023-02-02T09:08:37","slug":"qui-sommes-nous","status":"publish","type":"page","link":"https:\/\/annecylocation.com\/fr\/qui-sommes-nous\/","title":{"rendered":"Notre histoire"},"content":{"rendered":"<div id=\"pl-14\"  class=\"panel-layout\" ><div id=\"pg-14-0\"  class=\"panel-grid panel-has-style\" ><div class=\"siteorigin-panels-stretch panel-row-style panel-row-style-for-14-0\" data-stretch-type=\"full-stretched\" ><div id=\"pgc-14-0-0\"  class=\"panel-grid-cell\" ><div id=\"panel-14-0-0-0\" class=\"so-panel widget widget_swph-hero panel-first-child panel-last-child\" data-index=\"0\" ><div\n\t\t\t\n\t\t\tclass=\"so-widget-swph-hero so-widget-swph-hero-herocss-d75171398898-14\"\n\t\t\t\n\t\t><div class=\"hero\" style=\"background-image: url('https:\/\/annecylocation.com\/wp-content\/uploads\/2021\/03\/IMG_9879-1-scaled.jpg')\">\n    <div class=\"hero-overlay\" style=\"margin-top:15px;\">\n        <div class=\"container\">\n            <div class=\"hero-content\">\n                                    <h1 class=\"page-title\" style=\"color:#ffffff;\">A propos <\/h1>\n                                                    <h2 class=\"page-subtitle\" style=\"color:#ffffff;\">Annecy Location est un site h\u00e9bergeur de location de vacances haut de gamme situ\u00e9 <br \/> sur les bords du lac d\u2019Annecy \u00e0 Talloires <\/h2>\n                            <\/div>\n        <\/div>\n    <\/div>\n<\/div>\n\n\n<\/div><\/div><\/div><\/div><\/div><div id=\"pg-14-1\"  class=\"panel-grid panel-no-style\" ><div id=\"pgc-14-1-0\"  class=\"panel-grid-cell\" ><div id=\"panel-14-1-0-0\" class=\"widget_text so-panel widget widget_custom_html panel-first-child panel-last-child\" data-index=\"1\" ><div class=\"textwidget custom-html-widget\"><div id=\"pgc-45-1-0\" class=\"panel-grid-cell\"><br>\n<br>\n<div id=\"panel-45-1-0-0\" class=\"so-panel widget widget_swph-breadcrumbs panel-first-child panel-last-child\" data-index=\"1\"><div class=\"so-widget-swph-breadcrumbs so-widget-swph-breadcrumbs-breadcrumbscss-d75171398898-45\"><div class=\"breadcrumbs\">\n    <nav class=\"breadcrumbs\"><ul class=\"breadcrumbs__menu\"><li><a href=\"https:\/\/annecylocation.com\/fr\">Accueil<\/a><\/li><li>Notre histoire<\/li><\/ul><\/nav><\/div><\/div><\/div><\/div><\/div><\/div><\/div><\/div><div id=\"pg-14-2\"  class=\"panel-grid panel-no-style\" ><div id=\"pgc-14-2-0\"  class=\"panel-grid-cell\" ><div id=\"panel-14-2-0-0\" class=\"so-panel widget widget_swph-achievements panel-first-child panel-last-child\" data-index=\"2\" ><div\n\t\t\t\n\t\t\tclass=\"so-widget-swph-achievements so-widget-swph-achievements-base\"\n\t\t\t\n\t\t><div class=\"achievements\">\n\n            <div class=\"row row-eq-height ml-0 mr-0 achievements-row\">\n                            <div class=\"col-md-4 pl-0 pr-0\">\n                    <div class=\"achievement\">\n                        <div class=\"achievement-icon\"><img loading=\"lazy\" decoding=\"async\" width=\"26\" height=\"26\" src=\"https:\/\/annecylocation.com\/wp-content\/uploads\/2020\/11\/pers.png\" class=\"attachment-full size-full\" alt=\"\" \/><\/div>\n                        <h3>+ de 1 000 voyageurs accueillis<\/h3>\n                    <\/div>\n                <\/div>\n                            <div class=\"col-md-4 pl-0 pr-0\">\n                    <div class=\"achievement\">\n                        <div class=\"achievement-icon\"><img loading=\"lazy\" decoding=\"async\" width=\"26\" height=\"26\" src=\"https:\/\/annecylocation.com\/wp-content\/uploads\/2020\/11\/maison.png\" class=\"attachment-full size-full\" alt=\"\" \/><\/div>\n                        <h3>+ de 80 logements en ligne<\/h3>\n                    <\/div>\n                <\/div>\n                            <div class=\"col-md-4 pl-0 pr-0\">\n                    <div class=\"achievement\">\n                        <div class=\"achievement-icon\"><img loading=\"lazy\" decoding=\"async\" width=\"26\" height=\"26\" src=\"https:\/\/annecylocation.com\/wp-content\/uploads\/2020\/11\/star.png\" class=\"attachment-full size-full\" alt=\"\" \/><\/div>\n                        <h3>92% de commentaires 5 \u00e9toiles<\/h3>\n                    <\/div>\n                <\/div>\n                    <\/div>\n    \n<\/div><\/div><\/div><\/div><\/div><div id=\"pg-14-3\"  class=\"panel-grid panel-has-style\" ><div class=\"siteorigin-panels-stretch panel-row-style panel-row-style-for-14-3\" data-stretch-type=\"full\" ><div id=\"pgc-14-3-0\"  class=\"panel-grid-cell\" ><div id=\"panel-14-3-0-0\" class=\"so-panel widget widget_sow-video panel-first-child panel-last-child\" data-index=\"3\" ><div\n\t\t\t\n\t\t\tclass=\"so-widget-sow-video so-widget-sow-video-default-f379b959fc93-14\"\n\t\t\t\n\t\t>\n<div class=\"sow-video-wrapper\n\">\n\t\t\t<video\n\t\t\tid=\"sow-player-1\" class=\"sow-video-widget\" preload=\"auto\" style=\"width:100%;height:100%;\" poster=\"https:\/\/annecylocation.com\/wp-content\/uploads\/2021\/08\/BRC-GESTION-1080p-2.mp4\" controls \t\t>\n\t\t\t\t\t\t\t<source type=\"video\/mp4\" src=\"https:\/\/annecylocation.com\/wp-content\/uploads\/2020\/12\/videoplayback.mp4\"\/>\n\t\t\t\t\t<\/video>\n\t<\/div>\n<\/div><\/div><\/div><\/div><\/div><div id=\"pg-14-4\"  class=\"panel-grid panel-no-style\" ><div id=\"pgc-14-4-0\"  class=\"panel-grid-cell\" ><div id=\"panel-14-4-0-0\" class=\"so-panel widget widget_sow-editor panel-first-child panel-last-child\" data-index=\"4\" ><div\n\t\t\t\n\t\t\tclass=\"so-widget-sow-editor so-widget-sow-editor-base\"\n\t\t\t\n\t\t><h2 class=\"widget-title\">Locations \u00e9t\u00e9 autour du <br \/> lac d\u2019Annecy<\/h2>\n<div class=\"siteorigin-widget-tinymce textwidget\">\n\t<p><span style=\"font-size: 14.0pt; font-family: 'Garamond',serif;\">Originaires de Haute Savoie et profond\u00e9ment attach\u00e9s \u00e0 notre r\u00e9gion, nous disposons d\u2019une parfaite connaissance du march\u00e9 local et de l\u2019ensemble de ses acteurs touristiques. Dans un syst\u00e8me de gestion globale et soucieux de pr\u00e9server le charme et l\u2019environnement naturel de notre r\u00e9gion, nous travaillons main dans la main avec des propri\u00e9taires souhaitant mettre \u00e0 disposition leurs biens afin de pouvoir vous faire vivre une exp\u00e9rience authentique et d\u00e9paysante. Sp\u00e9cialis\u00e9s dans la location de villas haut de gamme, nous proposons \u00e0 nos clients des chalets de montagne ainsi que des appartements de charme situ\u00e9s sur les bords du lac d\u2019Annecy et ses alentours. A l\u2019\u00e9coute de nos clients, nous travaillons avant tout dans un climat de confiance et dans le respect des attentes de chacun.<\/span><\/p>\n<\/div>\n<\/div><\/div><\/div><\/div><div id=\"pg-14-5\"  class=\"panel-grid panel-no-style\" ><div id=\"pgc-14-5-0\"  class=\"panel-grid-cell\" ><div id=\"panel-14-5-0-0\" class=\"so-panel widget widget_swph-offers panel-first-child panel-last-child\" data-index=\"5\" ><div\n\t\t\t\n\t\t\tclass=\"so-widget-swph-offers so-widget-swph-offers-base\"\n\t\t\t\n\t\t><div class=\"offers\">\n    <h2 class=\"widget-title\">Tous nos logements r\u00e9pondent \u00e0 une offre compl\u00e8te de gestion locative<\/h2>\n            <div class=\"row row-eq-height offers-row\">\n                            <div class=\"col-md-6\">\n                    <div class=\"offer\">\n                        <div class=\"offer-icon\"><img loading=\"lazy\" decoding=\"async\" width=\"26\" height=\"26\" src=\"https:\/\/annecylocation.com\/wp-content\/uploads\/2020\/11\/bike.png\" class=\"attachment-full size-full\" alt=\"\" \/><\/div>\n                        <h3>Conciergerie locataires<\/h3>\n                        <div>Tous nos locataires ont acc\u00e8s \u00e0 notre service de conciergerie activit\u00e9s : location de v\u00e9los, chef \u00e0 domicile, vol en parapente, etc...<\/div>\n                    <\/div>\n                <\/div>\n                            <div class=\"col-md-6\">\n                    <div class=\"offer\">\n                        <div class=\"offer-icon\"><img loading=\"lazy\" decoding=\"async\" width=\"26\" height=\"26\" src=\"https:\/\/annecylocation.com\/wp-content\/uploads\/2020\/11\/time.png\" class=\"attachment-full size-full\" alt=\"\" \/><\/div>\n                        <h3>Une disponibilit\u00e9 7\/7<\/h3>\n                        <div>Nous r\u00e9pondons \u00e0 toutes les demandes de vos locataires. Partez en toute tranquillit\u00e9.<\/div>\n                    <\/div>\n                <\/div>\n                            <div class=\"col-md-6\">\n                    <div class=\"offer\">\n                        <div class=\"offer-icon\"><img loading=\"lazy\" decoding=\"async\" width=\"26\" height=\"26\" src=\"https:\/\/annecylocation.com\/wp-content\/uploads\/2020\/11\/maison.png\" class=\"attachment-full size-full\" alt=\"\" \/><\/div>\n                        <h3>Une optimisation de votre annonce<\/h3>\n                        <div>Nous valorisons au mieux votre maison ou appartement via notamment des photos d'expert et la r\u00e9daction professionnelle de votre annonce.<\/div>\n                    <\/div>\n                <\/div>\n                            <div class=\"col-md-6\">\n                    <div class=\"offer\">\n                        <div class=\"offer-icon\"><img loading=\"lazy\" decoding=\"async\" width=\"26\" height=\"26\" src=\"https:\/\/annecylocation.com\/wp-content\/uploads\/2020\/11\/msg.png\" class=\"attachment-full size-full\" alt=\"\" \/><\/div>\n                        <h3>Conseils personnalis\u00e9s<\/h3>\n                        <div>Nous vous conseillons sur la mise en location de votre logement et les avantages fiscaux.<\/div>\n                    <\/div>\n                <\/div>\n                            <div class=\"col-md-6\">\n                    <div class=\"offer\">\n                        <div class=\"offer-icon\"><img loading=\"lazy\" decoding=\"async\" width=\"26\" height=\"26\" src=\"https:\/\/annecylocation.com\/wp-content\/uploads\/2020\/11\/menage.png\" class=\"attachment-full size-full\" alt=\"\" \/><\/div>\n                        <h3>M\u00e9nage et blanchisserie<\/h3>\n                        <div>Offre d'un service de m\u00e9nage et de blanchisserie.<\/div>\n                    <\/div>\n                <\/div>\n                            <div class=\"col-md-6\">\n                    <div class=\"offer\">\n                        <div class=\"offer-icon\"><img loading=\"lazy\" decoding=\"async\" width=\"26\" height=\"26\" src=\"https:\/\/annecylocation.com\/wp-content\/uploads\/2020\/11\/check-in.png\" class=\"attachment-full size-full\" alt=\"\" \/><\/div>\n                        <h3>Check in &amp; check out<\/h3>\n                        <div>Nous assurons pour nos logements une remise des cl\u00e9s.<\/div>\n                    <\/div>\n                <\/div>\n                            <div class=\"col-md-6\">\n                    <div class=\"offer\">\n                        <div class=\"offer-icon\"><img loading=\"lazy\" decoding=\"async\" width=\"26\" height=\"26\" src=\"https:\/\/annecylocation.com\/wp-content\/uploads\/2020\/11\/soap.png\" class=\"attachment-full size-full\" alt=\"\" \/><\/div>\n                        <h3>Kit de produits d'accueil <\/h3>\n                        <div>Tous les voyageurs re\u00e7oivent les fournitures n\u00e9cessaires \u00e0 leur s\u00e9jour (savon, gel douche, shampoing, capsules caf\u00e9, pastille lave-vaisselle, etc\u2026)<\/div>\n                    <\/div>\n                <\/div>\n                    <\/div>\n    \n<\/div><\/div><\/div><\/div><\/div><div id=\"pg-14-6\"  class=\"panel-grid panel-no-style\" ><div id=\"pgc-14-6-0\"  class=\"panel-grid-cell panel-grid-cell-empty\" ><\/div><\/div><div id=\"pg-14-7\"  class=\"panel-grid panel-has-style\" ><div class=\"panel-row-style panel-row-style-for-14-7\" ><div id=\"pgc-14-7-0\"  class=\"panel-grid-cell\" ><div id=\"panel-14-7-0-0\" class=\"so-panel widget widget_sow-editor panel-first-child panel-last-child\" data-index=\"6\" ><div class=\"panel-widget-style panel-widget-style-for-14-7-0-0\" ><div\n\t\t\t\n\t\t\tclass=\"so-widget-sow-editor so-widget-sow-editor-base\"\n\t\t\t\n\t\t><h2 class=\"widget-title\">Service de gestion locative \u00e0 <br \/> Annecy<\/h2>\n<div class=\"siteorigin-widget-tinymce textwidget\">\n\t<\/div>\n<\/div><\/div><\/div><\/div><\/div><\/div><div id=\"pg-14-8\"  class=\"panel-grid panel-no-style\" ><div id=\"pgc-14-8-0\"  class=\"panel-grid-cell\" ><div id=\"panel-14-8-0-0\" class=\"so-panel widget widget_sow-editor panel-first-child panel-last-child\" data-index=\"7\" ><div\n\t\t\t\n\t\t\tclass=\"so-widget-sow-editor so-widget-sow-editor-base\"\n\t\t\t\n\t\t>\n<div class=\"siteorigin-widget-tinymce textwidget\">\n\t<p><span style=\"font-size: 14.0pt; font-family: 'Garamond',serif;\">Nos consultants commerciaux parlent couramment l\u2019anglais. Ils vous conseillent au mieux dans la d\u00e9finition et la rentabilit\u00e9 de votre strat\u00e9gie locative \u00e0 Annecy.<\/span><\/p>\n<p><span style=\"font-size: 14.0pt; font-family: 'Garamond',serif;\">Nous savons parfaitement nous adapter aux demandes et aux exigences de notre client\u00e8le pour assurer le bon d\u00e9roulement de chacune de vos locations. Nous sommes ainsi en mesure de vous proposer une location compl\u00e8te afin de vous d\u00e9charger totalement.<\/span><\/p>\n<\/div>\n<\/div><\/div><\/div><div id=\"pgc-14-8-1\"  class=\"panel-grid-cell\" ><div id=\"panel-14-8-1-0\" class=\"so-panel widget widget_sow-editor panel-first-child panel-last-child\" data-index=\"8\" ><div\n\t\t\t\n\t\t\tclass=\"so-widget-sow-editor so-widget-sow-editor-base\"\n\t\t\t\n\t\t>\n<div class=\"siteorigin-widget-tinymce textwidget\">\n\t<p>Nous prenons contact avec vous pour visiter votre logement, effectuer des photos, \u00e9tablir le calendrier des disponibilit\u00e9s et proposer votre bien \u00e0 la location. Nous s\u00e9lectionnons soigneusement chaque locataire qui vient s\u00e9journer dans votre logement.<\/p>\n<p>Pour un confort optimum, un seul et m\u00eame interlocuteur se tiendra \u00e0 votre disposition pendant toute la dur\u00e9e de votre s\u00e9jour, en toutes saisons, et quelle que soit la demande.<\/p>\n<\/div>\n<\/div><\/div><\/div><\/div><div id=\"pg-14-9\"  class=\"panel-grid panel-no-style\" ><div id=\"pgc-14-9-0\"  class=\"panel-grid-cell\" ><div id=\"panel-14-9-0-0\" class=\"so-panel widget widget_sow-editor panel-first-child panel-last-child\" data-index=\"9\" ><div\n\t\t\t\n\t\t\tclass=\"so-widget-sow-editor so-widget-sow-editor-base\"\n\t\t\t\n\t\t><h2 class=\"widget-title\">Quelle est la sp\u00e9cialit\u00e9 de notre agence <br \/> de location saisonni\u00e8re \u00e0 Menthon-Saint-Bernard ?<\/h2>\n<div class=\"siteorigin-widget-tinymce textwidget\">\n\t<p>Notre agence AnnecyLocation est une agence sp\u00e9cialis\u00e9e dans la location saisonni\u00e8re ; nous avons su nous cr\u00e9er un r\u00e9seau gr\u00e2ce \u00e0 nos nombreux locataires \u00e9trangers et fran\u00e7ais qui peuvent \u00eatre de potentiels acheteurs.<\/p>\n<\/div>\n<\/div><\/div><\/div><\/div><div id=\"pg-14-10\"  class=\"panel-grid panel-no-style\" ><div id=\"pgc-14-10-0\"  class=\"panel-grid-cell\" ><div id=\"panel-14-10-0-0\" class=\"so-panel widget widget_sow-editor panel-first-child panel-last-child\" data-index=\"10\" ><div\n\t\t\t\n\t\t\tclass=\"so-widget-sow-editor so-widget-sow-editor-base\"\n\t\t\t\n\t\t><h2 class=\"widget-title\">Pourquoi passer par notre agence dans le cadre d\u2019une future revente de votre appartement ou maison \u00e0 Veryier-du-lac ou Menthon-Saint-Bernard ?<\/h2>\n<div class=\"siteorigin-widget-tinymce textwidget\">\n\t<p><span style=\"font-size: 14.0pt; font-family: 'Garamond',serif;\">Dans le cadre de la vente de votre logement, nous pouvons vous proposer notre service de gestion locative saisonni\u00e8re si le logement est meubl\u00e9 et \u00e9quip\u00e9.<br \/>\nCe syst\u00e8me mis en place permet notamment de vendre dans de bonnes conditions car il permet de mettre en valeur le logement lors des visites et ainsi de le rentabiliser en attendant la vente de ce dernier.<\/span><\/p>\n<p><span style=\"font-size: 14.0pt; font-family: 'Garamond',serif;\">Nous \u00e9tablissons une estimation de votre bien en fonction des saisons et des \u00e9v\u00e8nements de la r\u00e9gion.<br \/>\nNous travaillons \u00e9galement avec un large r\u00e9seau de partenaires anglophones afin d\u2019obtenir une large visibilit\u00e9 sur votre logement pour la client\u00e8le \u00e9trang\u00e8re.<\/span><\/p>\n<\/div>\n<\/div><\/div><\/div><\/div><div id=\"pg-14-11\"  class=\"panel-grid panel-no-style\" ><div id=\"pgc-14-11-0\"  class=\"panel-grid-cell\" ><div id=\"panel-14-11-0-0\" class=\"so-panel widget widget_sow-editor panel-first-child panel-last-child\" data-index=\"11\" ><div\n\t\t\t\n\t\t\tclass=\"so-widget-sow-editor so-widget-sow-editor-base\"\n\t\t\t\n\t\t>\n<div class=\"siteorigin-widget-tinymce textwidget\">\n\t<\/div>\n<\/div><\/div><\/div><div id=\"pgc-14-11-1\"  class=\"panel-grid-cell\" ><div id=\"panel-14-11-1-0\" class=\"so-panel widget widget_sow-editor panel-first-child panel-last-child\" data-index=\"12\" ><div\n\t\t\t\n\t\t\tclass=\"so-widget-sow-editor so-widget-sow-editor-base\"\n\t\t\t\n\t\t>\n<div class=\"siteorigin-widget-tinymce textwidget\">\n\t<p>Une estimation de votre bien en fonction des saisons et des \u00e9v\u00e8nements de la r\u00e9gion.<br \/>\nNous travaillons \u00e9galement avec un large r\u00e9seau de partenaire anglophone afin d\u2019obtenir une large visibilit\u00e9 sur votre logement pour la client\u00e8le \u00e9trang\u00e8re.<\/p>\n<\/div>\n<\/div><\/div><\/div><\/div><div id=\"pg-14-12\"  class=\"panel-grid panel-no-style\" ><div id=\"pgc-14-12-0\"  class=\"panel-grid-cell\" ><div id=\"panel-14-12-0-0\" class=\"so-panel widget widget_sow-editor panel-first-child panel-last-child\" data-index=\"13\" ><div\n\t\t\t\n\t\t\tclass=\"so-widget-sow-editor so-widget-sow-editor-base\"\n\t\t\t\n\t\t><h2 class=\"widget-title\">Mise en avant de votre bien dans le cadre <br \/> de location saisonni\u00e8re ou revente<\/h2>\n<div class=\"siteorigin-widget-tinymce textwidget\">\n\t<p>Un photographe professionnel travaille en collaboration avec nous pour tous nos shootings photos afin de maintenir des images de qualit\u00e9, des vid\u00e9os\/ photos en drone ainsi qu\u2019une mod\u00e9lisation virtuelle de votre villa, chalet ou appartement.<\/p>\n<\/div>\n<\/div><\/div><\/div><\/div><\/div>","protected":false},"excerpt":{"rendered":"<p>A propos Annecy Location est un site h\u00e9bergeur de location de vacances haut de gamme situ\u00e9 sur les bords du lac d\u2019Annecy \u00e0 Talloires AccueilNotre histoire + de 1 000 voyageurs accueillis + de 80 logements en ligne 92% de commentaires 5 \u00e9toiles Locations \u00e9t\u00e9 autour du lac d\u2019Annecy Originaires de Haute Savoie et profond\u00e9ment [&hellip;]<\/p>\n","protected":false},"author":2,"featured_media":0,"parent":0,"menu_order":0,"comment_status":"closed","ping_status":"closed","template":"","meta":{"footnotes":""},"class_list":["post-14","page","type-page","status-publish","hentry"],"yoast_head":"<!-- This site is optimized with the Yoast SEO plugin v26.2 - https:\/\/yoast.com\/wordpress\/plugins\/seo\/ -->\n<title>Notre histoire - AnnecyLocation<\/title>\n<meta name=\"robots\" content=\"index, follow, max-snippet:-1, max-image-preview:large, max-video-preview:-1\" \/>\n<link rel=\"canonical\" href=\"https:\/\/annecylocation.com\/fr\/qui-sommes-nous\/\" \/>\n<meta property=\"og:locale\" content=\"fr_FR\" \/>\n<meta property=\"og:type\" content=\"article\" \/>\n<meta property=\"og:title\" content=\"Notre histoire - AnnecyLocation\" \/>\n<meta property=\"og:description\" content=\"A propos Annecy Location est un site h\u00e9bergeur de location de vacances haut de gamme situ\u00e9 sur les bords du lac d\u2019Annecy \u00e0 Talloires AccueilNotre histoire + de 1 000 voyageurs accueillis + de 80 logements en ligne 92% de commentaires 5 \u00e9toiles Locations \u00e9t\u00e9 autour du lac d\u2019Annecy Originaires de Haute Savoie et profond\u00e9ment [&hellip;]\" \/>\n<meta property=\"og:url\" content=\"https:\/\/annecylocation.com\/fr\/qui-sommes-nous\/\" \/>\n<meta property=\"og:site_name\" content=\"AnnecyLocation\" \/>\n<meta property=\"article:modified_time\" content=\"2023-02-02T09:08:37+00:00\" \/>\n<meta name=\"twitter:card\" content=\"summary_large_image\" \/>\n<meta name=\"twitter:label1\" content=\"Dur\u00e9e de lecture estim\u00e9e\" \/>\n\t<meta name=\"twitter:data1\" content=\"3 minutes\" \/>\n<script type=\"application\/ld+json\" class=\"yoast-schema-graph\">{\"@context\":\"https:\/\/schema.org\",\"@graph\":[{\"@type\":\"WebPage\",\"@id\":\"https:\/\/annecylocation.com\/fr\/qui-sommes-nous\/\",\"url\":\"https:\/\/annecylocation.com\/fr\/qui-sommes-nous\/\",\"name\":\"Notre histoire - AnnecyLocation\",\"isPartOf\":{\"@id\":\"https:\/\/annecylocation.com\/#website\"},\"datePublished\":\"2020-11-17T12:13:55+00:00\",\"dateModified\":\"2023-02-02T09:08:37+00:00\",\"breadcrumb\":{\"@id\":\"https:\/\/annecylocation.com\/fr\/qui-sommes-nous\/#breadcrumb\"},\"inLanguage\":\"fr-FR\",\"potentialAction\":[{\"@type\":\"ReadAction\",\"target\":[\"https:\/\/annecylocation.com\/fr\/qui-sommes-nous\/\"]}]},{\"@type\":\"BreadcrumbList\",\"@id\":\"https:\/\/annecylocation.com\/fr\/qui-sommes-nous\/#breadcrumb\",\"itemListElement\":[{\"@type\":\"ListItem\",\"position\":1,\"name\":\"Home\",\"item\":\"https:\/\/annecylocation.com\/fr\/\"},{\"@type\":\"ListItem\",\"position\":2,\"name\":\"Notre histoire\"}]},{\"@type\":\"WebSite\",\"@id\":\"https:\/\/annecylocation.com\/#website\",\"url\":\"https:\/\/annecylocation.com\/\",\"name\":\"AnnecyLocation\",\"description\":\"Location airbnb et conciergerie \u00e0 Annecy\",\"publisher\":{\"@id\":\"https:\/\/annecylocation.com\/#organization\"},\"potentialAction\":[{\"@type\":\"SearchAction\",\"target\":{\"@type\":\"EntryPoint\",\"urlTemplate\":\"https:\/\/annecylocation.com\/?s={search_term_string}\"},\"query-input\":{\"@type\":\"PropertyValueSpecification\",\"valueRequired\":true,\"valueName\":\"search_term_string\"}}],\"inLanguage\":\"fr-FR\"},{\"@type\":\"Organization\",\"@id\":\"https:\/\/annecylocation.com\/#organization\",\"name\":\"AnnecyLocation\",\"url\":\"https:\/\/annecylocation.com\/\",\"logo\":{\"@type\":\"ImageObject\",\"inLanguage\":\"fr-FR\",\"@id\":\"https:\/\/annecylocation.com\/#\/schema\/logo\/image\/\",\"url\":\"https:\/\/annecylocation.com\/wp-content\/uploads\/2021\/06\/cropped-big-logo-annecylocation-large.png\",\"contentUrl\":\"https:\/\/annecylocation.com\/wp-content\/uploads\/2021\/06\/cropped-big-logo-annecylocation-large.png\",\"width\":512,\"height\":512,\"caption\":\"AnnecyLocation\"},\"image\":{\"@id\":\"https:\/\/annecylocation.com\/#\/schema\/logo\/image\/\"}}]}<\/script>\n<!-- \/ Yoast SEO plugin. -->","yoast_head_json":{"title":"Notre histoire - AnnecyLocation","robots":{"index":"index","follow":"follow","max-snippet":"max-snippet:-1","max-image-preview":"max-image-preview:large","max-video-preview":"max-video-preview:-1"},"canonical":"https:\/\/annecylocation.com\/fr\/qui-sommes-nous\/","og_locale":"fr_FR","og_type":"article","og_title":"Notre histoire - AnnecyLocation","og_description":"A propos Annecy Location est un site h\u00e9bergeur de location de vacances haut de gamme situ\u00e9 sur les bords du lac d\u2019Annecy \u00e0 Talloires AccueilNotre histoire + de 1 000 voyageurs accueillis + de 80 logements en ligne 92% de commentaires 5 \u00e9toiles Locations \u00e9t\u00e9 autour du lac d\u2019Annecy Originaires de Haute Savoie et profond\u00e9ment [&hellip;]","og_url":"https:\/\/annecylocation.com\/fr\/qui-sommes-nous\/","og_site_name":"AnnecyLocation","article_modified_time":"2023-02-02T09:08:37+00:00","twitter_card":"summary_large_image","twitter_misc":{"Dur\u00e9e de lecture estim\u00e9e":"3 minutes"},"schema":{"@context":"https:\/\/schema.org","@graph":[{"@type":"WebPage","@id":"https:\/\/annecylocation.com\/fr\/qui-sommes-nous\/","url":"https:\/\/annecylocation.com\/fr\/qui-sommes-nous\/","name":"Notre histoire - AnnecyLocation","isPartOf":{"@id":"https:\/\/annecylocation.com\/#website"},"datePublished":"2020-11-17T12:13:55+00:00","dateModified":"2023-02-02T09:08:37+00:00","breadcrumb":{"@id":"https:\/\/annecylocation.com\/fr\/qui-sommes-nous\/#breadcrumb"},"inLanguage":"fr-FR","potentialAction":[{"@type":"ReadAction","target":["https:\/\/annecylocation.com\/fr\/qui-sommes-nous\/"]}]},{"@type":"BreadcrumbList","@id":"https:\/\/annecylocation.com\/fr\/qui-sommes-nous\/#breadcrumb","itemListElement":[{"@type":"ListItem","position":1,"name":"Home","item":"https:\/\/annecylocation.com\/fr\/"},{"@type":"ListItem","position":2,"name":"Notre histoire"}]},{"@type":"WebSite","@id":"https:\/\/annecylocation.com\/#website","url":"https:\/\/annecylocation.com\/","name":"AnnecyLocation","description":"Location airbnb et conciergerie \u00e0 Annecy","publisher":{"@id":"https:\/\/annecylocation.com\/#organization"},"potentialAction":[{"@type":"SearchAction","target":{"@type":"EntryPoint","urlTemplate":"https:\/\/annecylocation.com\/?s={search_term_string}"},"query-input":{"@type":"PropertyValueSpecification","valueRequired":true,"valueName":"search_term_string"}}],"inLanguage":"fr-FR"},{"@type":"Organization","@id":"https:\/\/annecylocation.com\/#organization","name":"AnnecyLocation","url":"https:\/\/annecylocation.com\/","logo":{"@type":"ImageObject","inLanguage":"fr-FR","@id":"https:\/\/annecylocation.com\/#\/schema\/logo\/image\/","url":"https:\/\/annecylocation.com\/wp-content\/uploads\/2021\/06\/cropped-big-logo-annecylocation-large.png","contentUrl":"https:\/\/annecylocation.com\/wp-content\/uploads\/2021\/06\/cropped-big-logo-annecylocation-large.png","width":512,"height":512,"caption":"AnnecyLocation"},"image":{"@id":"https:\/\/annecylocation.com\/#\/schema\/logo\/image\/"}}]}},"_links":{"self":[{"href":"https:\/\/annecylocation.com\/fr\/wp-json\/wp\/v2\/pages\/14","targetHints":{"allow":["GET"]}}],"collection":[{"href":"https:\/\/annecylocation.com\/fr\/wp-json\/wp\/v2\/pages"}],"about":[{"href":"https:\/\/annecylocation.com\/fr\/wp-json\/wp\/v2\/types\/page"}],"author":[{"embeddable":true,"href":"https:\/\/annecylocation.com\/fr\/wp-json\/wp\/v2\/users\/2"}],"replies":[{"embeddable":true,"href":"https:\/\/annecylocation.com\/fr\/wp-json\/wp\/v2\/comments?post=14"}],"version-history":[{"count":154,"href":"https:\/\/annecylocation.com\/fr\/wp-json\/wp\/v2\/pages\/14\/revisions"}],"predecessor-version":[{"id":11270,"href":"https:\/\/annecylocation.com\/fr\/wp-json\/wp\/v2\/pages\/14\/revisions\/11270"}],"wp:attachment":[{"href":"https:\/\/annecylocation.com\/fr\/wp-json\/wp\/v2\/media?parent=14"}],"curies":[{"name":"wp","href":"https:\/\/api.w.org\/{rel}","templated":true}]}}