{"id":424,"date":"2020-11-30T07:56:59","date_gmt":"2020-11-30T07:56:59","guid":{"rendered":"http:\/\/fy21xaijsc.preview.infomaniak.website\/?page_id=424"},"modified":"2021-02-02T14:10:28","modified_gmt":"2021-02-02T14:10:28","slug":"service-conciergerie-annecy","status":"publish","type":"page","link":"https:\/\/annecylocation.com\/fr\/service-conciergerie-annecy\/","title":{"rendered":"Service conciergerie Annecy"},"content":{"rendered":"<div id=\"pl-424\"  class=\"panel-layout\" ><div id=\"pg-424-0\"  class=\"panel-grid panel-no-style\" ><div id=\"pgc-424-0-0\"  class=\"panel-grid-cell\" ><div id=\"panel-424-0-0-0\" class=\"so-panel widget widget_swph-breadcrumbs panel-first-child panel-last-child\" data-index=\"0\" ><div\n\t\t\t\n\t\t\tclass=\"so-widget-swph-breadcrumbs so-widget-swph-breadcrumbs-breadcrumbscss-d75171398898-424\"\n\t\t\t\n\t\t><div class=\"breadcrumbs\">\n    <\/div><\/div><\/div><\/div><\/div><div id=\"pg-424-1\"  class=\"panel-grid panel-no-style\" ><div id=\"pgc-424-1-0\"  class=\"panel-grid-cell\" ><div id=\"panel-424-1-0-0\" class=\"so-panel widget widget_swph-partners panel-first-child panel-last-child\" data-index=\"1\" ><div\n\t\t\t\n\t\t\tclass=\"so-widget-swph-partners so-widget-swph-partners-base\"\n\t\t\t\n\t\t><div class=\"partners\">\n    <h1 class=\"page-title\">Nous mettons \u00e0 votre <br \/> disposition des services <br \/> annexes de conciergerie \u00e0 Annecy<\/h1>\n            <div class=\"row row-eq-height partners-row\">\n                            <div class=\"col-md-6\">\n                    <div class=\"partner\">\n                        <div class=\"partner-icon\"><img loading=\"lazy\" decoding=\"async\" width=\"181\" height=\"181\" src=\"https:\/\/annecylocation.com\/wp-content\/uploads\/2020\/11\/oops-e1606723593413.png\" class=\"attachment-full size-full\" alt=\"\" srcset=\"https:\/\/annecylocation.com\/wp-content\/uploads\/2020\/11\/oops-e1606723593413.png 181w, https:\/\/annecylocation.com\/wp-content\/uploads\/2020\/11\/oops-e1606723593413-100x100.png 100w, https:\/\/annecylocation.com\/wp-content\/uploads\/2020\/11\/oops-e1606723593413-150x150.png 150w\" sizes=\"auto, (max-width: 181px) 100vw, 181px\" \/><\/div>\n                        <h3>Oop's<\/h3>\n                        <div class=\"partner-description\">\n                            <p>Livraison de petit-d\u00e9jeuner, brunch et ap\u00e9ritif \u00e0 Annecy et bord du lac, produits locaux et jus de fruits Bio livr\u00e9s en v\u00e9lo ou v\u00e9hicule \u00e9lectrique. Commandez la veille pour le lendemain.<\/p>\n                        <\/div>\n                    <\/div>\n                <\/div>\n                            <div class=\"col-md-6\">\n                    <div class=\"partner\">\n                        <div class=\"partner-icon\"><\/div>\n                        <h3>Casali<\/h3>\n                        <div class=\"partner-description\">\n                            <p>Traiteur Casali est une soci\u00e9t\u00e9 de traiteur \u2013 \u00c9v\u00e8nementiel bas\u00e9e \u00e0 Annecy et les M\u00e9nuires couvrant toute la zone de la Savoie, Haute Savoie et Gen\u00e8ve. Descendant d\u2019une famille de Ma\u00eetre Restaurateur-H\u00f4telier depuis 1955, le petit fils, Steve Casali et son \u00e9quipe ont le plaisir de vous offrir leurs services en tant que traiteur.<\/p>\n                        <\/div>\n                    <\/div>\n                <\/div>\n                            <div class=\"col-md-6\">\n                    <div class=\"partner\">\n                        <div class=\"partner-icon\"><\/div>\n                        <h3>Nomad Bike<\/h3>\n                        <div class=\"partner-description\">\n                            <p>Vous souhaitez louer des v\u00e9los ? Notre partenaire de location NOMAD BIKE sera ravi de vous les apporter gratuitement \u00e0 votre h\u00e9bergement. Vous pourrez choisir parmi des v\u00e9los SCOTT classiques ou \u00e9lectriques, pour adultes et enfants. Des \u00e9quipements pour le transport de vos enfants sont propos\u00e9s (remorques et si\u00e8ges b\u00e9b\u00e9), ainsi que pour votre chien. Pour cela, il vous suffit de les r\u00e9server en quelques clics sur le site www.nomadbike.fr En \u00e9t\u00e9, d\u00e9couvrez aussi des id\u00e9es d\u2019activit\u00e9s \u00e0 faire \u00e0 v\u00e9lo !<\/p>\n                        <\/div>\n                    <\/div>\n                <\/div>\n                            <div class=\"col-md-6\">\n                    <div class=\"partner\">\n                        <div class=\"partner-icon\"><\/div>\n                        <h3>P\u00e9dal\u2019Douce<\/h3>\n                        <div class=\"partner-description\">\n                            <p>P\u00e9dal\u2019Douce vous propose \u00e0 la location des v\u00e9los \u00e9lectriques ou classiques, ainsi que de nombreux accessoires.  Nous pouvons vous proposer diff\u00e9rentes formules : individuelle, groupe, \u00e0 la journ\u00e9e, \u00e0 la semaine ou au mois\u2026 Nous livrons vos v\u00e9los tout l\u2019\u00e9t\u00e9 sur votre lieu de vill\u00e9giature (camping, h\u00f4tel, r\u00e9sidence, gite, etc\u2026) suivant devis.<\/p>\n                        <\/div>\n                    <\/div>\n                <\/div>\n                            <div class=\"col-md-6\">\n                    <div class=\"partner\">\n                        <div class=\"partner-icon\"><\/div>\n                        <h3>Le Laka safari<\/h3>\n                        <div class=\"partner-description\">\n                            <p>Partez \u00e0 l\u2019aventure \u00e0 bord de nos bateaux privatis\u00e9s avec pilotes pour vous le temps de votre excursion afin de vous garantir le moment le plus agr\u00e9able possible.<\/p>\n<p>Un moment privil\u00e9gi\u00e9 sur le lac d\u2019Annecy, entre amis ou en famille, cette escapade ravira petits et grands !<\/p>\n<p>\u00ab Le Lake Safari \u00bb: explorez les vestiges des maisons lacustres, d\u00e9couvrez une grotte accessible en bateau et nagez dans le lagon. Une aventure captivante o\u00f9 tous les secrets du lac vous seront d\u00e9voil\u00e9s !<\/p>\n                        <\/div>\n                    <\/div>\n                <\/div>\n                            <div class=\"col-md-6\">\n                    <div class=\"partner\">\n                        <div class=\"partner-icon\"><\/div>\n                        <h3>Sdez<\/h3>\n                        <div class=\"partner-description\">\n                            <p>Sdez propose le service de location-entretien de solutions personnalis\u00e9es pour l\u2019hygi\u00e8ne, le confort et la protection de vos collaborateurs et visiteurs. Sdez loue et entretient des \u00e9quipements de protection individuelle, des tenues de travail, du linge professionnel et des \u00e9quipements sanitaires. Nous pouvons vous proposer diff\u00e9rentes formules : individuelle, groupe, \u00e0 la journ\u00e9e, \u00e0 la semaine ou au mois\u2026 Nous livrons vos v\u00e9los tout l\u2019\u00e9t\u00e9 sur votre lieu de vill\u00e9giature (camping, h\u00f4tel, r\u00e9sidence, gite, etc\u2026) suivant devis.<\/p>\n                        <\/div>\n                    <\/div>\n                <\/div>\n                            <div class=\"col-md-6\">\n                    <div class=\"partner\">\n                        <div class=\"partner-icon\"><\/div>\n                        <h3>Click &amp; Bed<\/h3>\n                        <div class=\"partner-description\">\n                            <p>Click &amp; Bed est le sp\u00e9cialiste de la location saisonni\u00e8re de logements meubl\u00e9s en Auvergne-Rh\u00f4ne-Alpes. Que vous soyez frontaliers, en d\u00e9placement professionnel ou en p\u00e9riode d\u2019essai dans la r\u00e9gion, louer une chambre, un appartement ou une maison n\u2019a jamais \u00e9t\u00e9 aussi rapide.<\/p>\n                        <\/div>\n                    <\/div>\n                <\/div>\n                            <div class=\"col-md-6\">\n                    <div class=\"partner\">\n                        <div class=\"partner-icon\"><\/div>\n                        <h3>C\u0153ur d\u2019Artichaut<\/h3>\n                        <div class=\"partner-description\">\n                            <p>Nous, c\u2019est C\u0153ur d\u2019Artichaut. Notre ambition ? Vous rendre heureux. Vous accompagner dans les moments cl\u00e9s de votre vie et vous d\u00e9charger de toute contrainte.<\/p>\n<p>Nous voulons que vous profitiez du moment un point c\u2019est tout.<\/p>\n                        <\/div>\n                    <\/div>\n                <\/div>\n                    <\/div>\n    \n<\/div><\/div><\/div><\/div><\/div><\/div>","protected":false},"excerpt":{"rendered":"<p>Nous mettons \u00e0 votre disposition des services annexes de conciergerie \u00e0 Annecy Oop&#8217;s Livraison de petit-d\u00e9jeuner, brunch et ap\u00e9ritif \u00e0 Annecy et bord du lac, produits locaux et jus de fruits Bio livr\u00e9s en v\u00e9lo ou v\u00e9hicule \u00e9lectrique. Commandez la veille pour le lendemain. Casali Traiteur Casali est une soci\u00e9t\u00e9 de traiteur \u2013 \u00c9v\u00e8nementiel bas\u00e9e [&hellip;]<\/p>\n","protected":false},"author":2,"featured_media":0,"parent":0,"menu_order":0,"comment_status":"closed","ping_status":"closed","template":"","meta":{"footnotes":""},"class_list":["post-424","page","type-page","status-publish","hentry"],"yoast_head":"<!-- This site is optimized with the Yoast SEO plugin v26.2 - https:\/\/yoast.com\/wordpress\/plugins\/seo\/ -->\n<title>Service conciergerie Annecy - AnnecyLocation<\/title>\n<meta name=\"robots\" content=\"index, follow, max-snippet:-1, max-image-preview:large, max-video-preview:-1\" \/>\n<link rel=\"canonical\" href=\"https:\/\/annecylocation.com\/fr\/service-conciergerie-annecy\/\" \/>\n<meta property=\"og:locale\" content=\"fr_FR\" \/>\n<meta property=\"og:type\" content=\"article\" \/>\n<meta property=\"og:title\" content=\"Service conciergerie Annecy - AnnecyLocation\" \/>\n<meta property=\"og:description\" content=\"Nous mettons \u00e0 votre disposition des services annexes de conciergerie \u00e0 Annecy Oop&#039;s Livraison de petit-d\u00e9jeuner, brunch et ap\u00e9ritif \u00e0 Annecy et bord du lac, produits locaux et jus de fruits Bio livr\u00e9s en v\u00e9lo ou v\u00e9hicule \u00e9lectrique. Commandez la veille pour le lendemain. Casali Traiteur Casali est une soci\u00e9t\u00e9 de traiteur \u2013 \u00c9v\u00e8nementiel bas\u00e9e [&hellip;]\" \/>\n<meta property=\"og:url\" content=\"https:\/\/annecylocation.com\/fr\/service-conciergerie-annecy\/\" \/>\n<meta property=\"og:site_name\" content=\"AnnecyLocation\" \/>\n<meta property=\"article:modified_time\" content=\"2021-02-02T14:10:28+00:00\" \/>\n<meta name=\"twitter:card\" content=\"summary_large_image\" \/>\n<script type=\"application\/ld+json\" class=\"yoast-schema-graph\">{\"@context\":\"https:\/\/schema.org\",\"@graph\":[{\"@type\":\"WebPage\",\"@id\":\"https:\/\/annecylocation.com\/fr\/service-conciergerie-annecy\/\",\"url\":\"https:\/\/annecylocation.com\/fr\/service-conciergerie-annecy\/\",\"name\":\"Service conciergerie Annecy - AnnecyLocation\",\"isPartOf\":{\"@id\":\"https:\/\/annecylocation.com\/#website\"},\"datePublished\":\"2020-11-30T07:56:59+00:00\",\"dateModified\":\"2021-02-02T14:10:28+00:00\",\"breadcrumb\":{\"@id\":\"https:\/\/annecylocation.com\/fr\/service-conciergerie-annecy\/#breadcrumb\"},\"inLanguage\":\"fr-FR\",\"potentialAction\":[{\"@type\":\"ReadAction\",\"target\":[\"https:\/\/annecylocation.com\/fr\/service-conciergerie-annecy\/\"]}]},{\"@type\":\"BreadcrumbList\",\"@id\":\"https:\/\/annecylocation.com\/fr\/service-conciergerie-annecy\/#breadcrumb\",\"itemListElement\":[{\"@type\":\"ListItem\",\"position\":1,\"name\":\"Home\",\"item\":\"https:\/\/annecylocation.com\/fr\/\"},{\"@type\":\"ListItem\",\"position\":2,\"name\":\"Service conciergerie Annecy\"}]},{\"@type\":\"WebSite\",\"@id\":\"https:\/\/annecylocation.com\/#website\",\"url\":\"https:\/\/annecylocation.com\/\",\"name\":\"AnnecyLocation\",\"description\":\"Location airbnb et conciergerie \u00e0 Annecy\",\"publisher\":{\"@id\":\"https:\/\/annecylocation.com\/#organization\"},\"potentialAction\":[{\"@type\":\"SearchAction\",\"target\":{\"@type\":\"EntryPoint\",\"urlTemplate\":\"https:\/\/annecylocation.com\/?s={search_term_string}\"},\"query-input\":{\"@type\":\"PropertyValueSpecification\",\"valueRequired\":true,\"valueName\":\"search_term_string\"}}],\"inLanguage\":\"fr-FR\"},{\"@type\":\"Organization\",\"@id\":\"https:\/\/annecylocation.com\/#organization\",\"name\":\"AnnecyLocation\",\"url\":\"https:\/\/annecylocation.com\/\",\"logo\":{\"@type\":\"ImageObject\",\"inLanguage\":\"fr-FR\",\"@id\":\"https:\/\/annecylocation.com\/#\/schema\/logo\/image\/\",\"url\":\"https:\/\/annecylocation.com\/wp-content\/uploads\/2021\/06\/cropped-big-logo-annecylocation-large.png\",\"contentUrl\":\"https:\/\/annecylocation.com\/wp-content\/uploads\/2021\/06\/cropped-big-logo-annecylocation-large.png\",\"width\":512,\"height\":512,\"caption\":\"AnnecyLocation\"},\"image\":{\"@id\":\"https:\/\/annecylocation.com\/#\/schema\/logo\/image\/\"}}]}<\/script>\n<!-- \/ Yoast SEO plugin. -->","yoast_head_json":{"title":"Service conciergerie Annecy - AnnecyLocation","robots":{"index":"index","follow":"follow","max-snippet":"max-snippet:-1","max-image-preview":"max-image-preview:large","max-video-preview":"max-video-preview:-1"},"canonical":"https:\/\/annecylocation.com\/fr\/service-conciergerie-annecy\/","og_locale":"fr_FR","og_type":"article","og_title":"Service conciergerie Annecy - AnnecyLocation","og_description":"Nous mettons \u00e0 votre disposition des services annexes de conciergerie \u00e0 Annecy Oop's Livraison de petit-d\u00e9jeuner, brunch et ap\u00e9ritif \u00e0 Annecy et bord du lac, produits locaux et jus de fruits Bio livr\u00e9s en v\u00e9lo ou v\u00e9hicule \u00e9lectrique. Commandez la veille pour le lendemain. Casali Traiteur Casali est une soci\u00e9t\u00e9 de traiteur \u2013 \u00c9v\u00e8nementiel bas\u00e9e [&hellip;]","og_url":"https:\/\/annecylocation.com\/fr\/service-conciergerie-annecy\/","og_site_name":"AnnecyLocation","article_modified_time":"2021-02-02T14:10:28+00:00","twitter_card":"summary_large_image","schema":{"@context":"https:\/\/schema.org","@graph":[{"@type":"WebPage","@id":"https:\/\/annecylocation.com\/fr\/service-conciergerie-annecy\/","url":"https:\/\/annecylocation.com\/fr\/service-conciergerie-annecy\/","name":"Service conciergerie Annecy - AnnecyLocation","isPartOf":{"@id":"https:\/\/annecylocation.com\/#website"},"datePublished":"2020-11-30T07:56:59+00:00","dateModified":"2021-02-02T14:10:28+00:00","breadcrumb":{"@id":"https:\/\/annecylocation.com\/fr\/service-conciergerie-annecy\/#breadcrumb"},"inLanguage":"fr-FR","potentialAction":[{"@type":"ReadAction","target":["https:\/\/annecylocation.com\/fr\/service-conciergerie-annecy\/"]}]},{"@type":"BreadcrumbList","@id":"https:\/\/annecylocation.com\/fr\/service-conciergerie-annecy\/#breadcrumb","itemListElement":[{"@type":"ListItem","position":1,"name":"Home","item":"https:\/\/annecylocation.com\/fr\/"},{"@type":"ListItem","position":2,"name":"Service conciergerie Annecy"}]},{"@type":"WebSite","@id":"https:\/\/annecylocation.com\/#website","url":"https:\/\/annecylocation.com\/","name":"AnnecyLocation","description":"Location airbnb et conciergerie \u00e0 Annecy","publisher":{"@id":"https:\/\/annecylocation.com\/#organization"},"potentialAction":[{"@type":"SearchAction","target":{"@type":"EntryPoint","urlTemplate":"https:\/\/annecylocation.com\/?s={search_term_string}"},"query-input":{"@type":"PropertyValueSpecification","valueRequired":true,"valueName":"search_term_string"}}],"inLanguage":"fr-FR"},{"@type":"Organization","@id":"https:\/\/annecylocation.com\/#organization","name":"AnnecyLocation","url":"https:\/\/annecylocation.com\/","logo":{"@type":"ImageObject","inLanguage":"fr-FR","@id":"https:\/\/annecylocation.com\/#\/schema\/logo\/image\/","url":"https:\/\/annecylocation.com\/wp-content\/uploads\/2021\/06\/cropped-big-logo-annecylocation-large.png","contentUrl":"https:\/\/annecylocation.com\/wp-content\/uploads\/2021\/06\/cropped-big-logo-annecylocation-large.png","width":512,"height":512,"caption":"AnnecyLocation"},"image":{"@id":"https:\/\/annecylocation.com\/#\/schema\/logo\/image\/"}}]}},"_links":{"self":[{"href":"https:\/\/annecylocation.com\/fr\/wp-json\/wp\/v2\/pages\/424","targetHints":{"allow":["GET"]}}],"collection":[{"href":"https:\/\/annecylocation.com\/fr\/wp-json\/wp\/v2\/pages"}],"about":[{"href":"https:\/\/annecylocation.com\/fr\/wp-json\/wp\/v2\/types\/page"}],"author":[{"embeddable":true,"href":"https:\/\/annecylocation.com\/fr\/wp-json\/wp\/v2\/users\/2"}],"replies":[{"embeddable":true,"href":"https:\/\/annecylocation.com\/fr\/wp-json\/wp\/v2\/comments?post=424"}],"version-history":[{"count":51,"href":"https:\/\/annecylocation.com\/fr\/wp-json\/wp\/v2\/pages\/424\/revisions"}],"predecessor-version":[{"id":10595,"href":"https:\/\/annecylocation.com\/fr\/wp-json\/wp\/v2\/pages\/424\/revisions\/10595"}],"wp:attachment":[{"href":"https:\/\/annecylocation.com\/fr\/wp-json\/wp\/v2\/media?parent=424"}],"curies":[{"name":"wp","href":"https:\/\/api.w.org\/{rel}","templated":true}]}}