{"id":19430,"date":"2025-04-19T12:13:06","date_gmt":"2025-04-19T12:13:06","guid":{"rendered":"https:\/\/annecylocation.com\/?post_type=product&#038;p=19430"},"modified":"2025-05-09T12:56:01","modified_gmt":"2025-05-09T12:56:01","slug":"villa-norton-menthon-saint-bernard-piscine","status":"publish","type":"product","link":"https:\/\/annecylocation.com\/fr\/location\/menthon-saint-bernard\/villa-norton-menthon-saint-bernard-piscine\/","title":{"rendered":"Villa Norton &#8211; piscine et proche du Lac"},"content":{"rendered":"<div id=\"pl-19136\" class=\"panel-layout\">\n<div id=\"pg-19136-0\" class=\"panel-grid panel-no-style\" data-style=\"{&quot;background_image_attachment&quot;:false,&quot;background_display&quot;:&quot;tile&quot;,&quot;full_height&quot;:&quot;&quot;,&quot;bottom_margin&quot;:&quot;40px&quot;,&quot;cell_alignment&quot;:&quot;flex-start&quot;}\">\n<div id=\"pgc-19136-0-0\" class=\"panel-grid-cell\" data-style=\"{&quot;background_image_attachment&quot;:false,&quot;background_display&quot;:&quot;tile&quot;,&quot;vertical_alignment&quot;:&quot;auto&quot;}\" data-weight=\"1\">\n<div id=\"panel-19136-0-0-0\" class=\"so-panel widget widget_swph-utilities panel-first-child panel-last-child\" data-index=\"0\" data-style=\"{&quot;background_image_attachment&quot;:false,&quot;background_display&quot;:&quot;tile&quot;,&quot;background_image_size&quot;:&quot;full&quot;,&quot;background_image_opacity&quot;:&quot;100&quot;,&quot;border_thickness&quot;:&quot;1px&quot;}\"><div\n\t\t\t\n\t\t\tclass=\"so-widget-swph-utilities so-widget-\"\n\t\t\t\n\t\t><div class=\"utilities\">\n    <h2 class=\"utilites-title\"><\/h2>\n    \n<\/div>\n<\/div><\/div>\n<\/div>\n<\/div>\n<div id=\"pg-19136-1\" class=\"panel-grid panel-no-style\" data-style=\"{&quot;background_image_attachment&quot;:false,&quot;background_display&quot;:&quot;tile&quot;,&quot;full_height&quot;:&quot;&quot;,&quot;bottom_margin&quot;:&quot;100px&quot;,&quot;cell_alignment&quot;:&quot;flex-start&quot;}\">\n<div id=\"pgc-19136-1-0\" class=\"panel-grid-cell\" data-weight=\"1\">\n<div id=\"panel-19136-1-0-0\" class=\"so-panel widget widget_sow-editor panel-first-child panel-last-child\" data-index=\"1\" data-style=\"{&quot;background_image_attachment&quot;:false,&quot;background_display&quot;:&quot;tile&quot;,&quot;background_image_size&quot;:&quot;full&quot;,&quot;background_image_opacity&quot;:&quot;100&quot;,&quot;border_thickness&quot;:&quot;1px&quot;}\">\n<div class=\"so-widget-sow-editor so-widget-sow-editor-base\">\n<h2 class=\"widget-title\">Votre location de maison de village proche du centre du village \u00e0 Menthon Saint Bernard<\/h2>\n<div class=\"siteorigin-widget-tinymce textwidget\">&#x1f3e1; Villa estivale avec jardin, piscine et acc\u00e8s lac \u00e0 pied \u2013 Menthon-Saint-Bernard<br \/>\nBienvenue dans cette grande maison familiale id\u00e9ale pour des s\u00e9jours en \u00e9t\u00e9, \u00e0 quelques pas du lac d\u2019Annecy et des courts de tennis de Menthon-Saint-Bernard. Situ\u00e9e dans un quartier calme et recherch\u00e9, cette villa est parfaite pour se retrouver entre amis ou en famille dans un cadre naturel privil\u00e9gi\u00e9.<\/div>\n<\/div>\n<\/div>\n<\/div>\n<div>\n<p>&#x1f3af; Activit\u00e9s et loisirs \u00e0 proximit\u00e9<br \/>\n&#x1f4cd; \u00c0 pied depuis la villa :<\/p>\n<p>D\u00e9tente sur la plage de Menthon ou balade sur la promenade du bord du lac<br \/>\nMatchs ou stages au club de tennis de Menthon-Saint-Bernard<br \/>\nMarch\u00e9 du village, commerces, restaurants et glaciers typiques<br \/>\nD\u00e9part de randonn\u00e9es vers le Roc de Ch\u00e8re ou le col de la Forclaz<br \/>\n&#x1f697; \u00c0 quelques minutes en voiture :<\/p>\n<p>Vieilles villes d\u2019Annecy (15 min) et de Talloires, ses golf et abbaye<br \/>\nActivit\u00e9s nautiques : paddle, bateau, wakeboard<br \/>\nSports de montagne : via ferrata, parapente, canyoning<br \/>\nExcursions vers La Clusaz ou le Semnoz (environ 40 min)<\/p>\n<p>Pour le confort de tous, notre logement est strictement non-fumeur, les animaux ne sont pas autoris\u00e9s, et nous vous demandons de respecter le calme apr\u00e8s 22h. Merci de votre compr\u00e9hension.<\/p>\n<p>&#x26a0; Informations importantes<br \/>\n&#x1f4cc; Assistance sur place disponible uniquement jusqu&#8217;\u00e0 20h. Nous ne pourrons pas g\u00e9rer d\u2019\u00e9ventuels probl\u00e8mes apr\u00e8s cette heure.<\/p>\n<p>&#x1f4c5; R\u00e9servez d\u00e8s maintenant pour un s\u00e9jour inoubliable \u00e0 Menthon-Saint-Bernard, entre lac et montagnes !<br \/>\n&#x1f48c; Contactez-nous pour toute information suppl\u00e9mentaire.<\/p>\n<\/div>\n<\/div>\n<div id=\"pg-19136-2\" class=\"panel-grid panel-no-style\" data-style=\"{&quot;background_image_attachment&quot;:false,&quot;background_display&quot;:&quot;tile&quot;,&quot;full_height&quot;:&quot;&quot;,&quot;bottom_margin&quot;:&quot;100px&quot;,&quot;cell_alignment&quot;:&quot;flex-start&quot;}\">\n<div id=\"pgc-19136-2-0\" class=\"panel-grid-cell\" data-weight=\"1\">\n<div id=\"panel-19136-2-0-0\" class=\"so-panel widget widget_sow-editor panel-first-child panel-last-child\" data-index=\"2\" data-style=\"{&quot;background_image_attachment&quot;:false,&quot;background_display&quot;:&quot;tile&quot;,&quot;background_image_size&quot;:&quot;full&quot;,&quot;background_image_opacity&quot;:&quot;100&quot;,&quot;border_thickness&quot;:&quot;1px&quot;}\">\n<div class=\"so-widget-sow-editor so-widget-sow-editor-base\">\n<h2 class=\"widget-title\">Disposition de votre location \u00e0 Menthon-Saint-Bernard<\/h2>\n<div class=\"siteorigin-widget-tinymce textwidget\">\n<p>&#x1f6cf; 5 chambres \u2013 Jusqu\u2019\u00e0 12 couchages<\/p>\n<p>Au rez-de-chauss\u00e9e :<\/p>\n<p>2 chambres avec lits doubles (160 cm)<br \/>\nSalle de douche avec WC, communicante entre les deux chambres<br \/>\nWC invit\u00e9s ind\u00e9pendant avec lave-mains<br \/>\n\u00c0 l\u2019\u00e9tage :<\/p>\n<p>1 grande chambre familiale avec lit double (180 cm) et deux canap\u00e9s-lits, salle de douche attenante avec WC<br \/>\n2 chambres (lit 180 cm et lit 160 cm)<br \/>\n1 salle de douche s\u00e9par\u00e9e avec WC partag\u00e9<\/p>\n<p>&#x1f525; Espaces de vie &amp; ext\u00e9rieur<br \/>\nGrand salon lumineux avec chemin\u00e9e<br \/>\nCuisine \u00e9quip\u00e9e ouverte sur salle \u00e0 manger<br \/>\nTerrasse, grand jardin arbor\u00e9 et piscine priv\u00e9e<br \/>\nStationnement priv\u00e9<\/p>\n<p>\u00c0 seulement quelques minutes \u00e0 pied du lac d\u2019Annecy et des tennis de Menthon<\/p>\n<p>&#x2705; Confort &amp; tranquillit\u00e9<br \/>\nLinge de lit et serviettes fournis<br \/>\nWifi gratuit<br \/>\nMaison non-fumeur<br \/>\nAnimaux non autoris\u00e9s<br \/>\nRespect du calme apr\u00e8s 22h demand\u00e9<\/p>\n<\/div>\n<\/div>\n<\/div>\n<\/div>\n<\/div>\n<div id=\"pg-19136-3\" class=\"panel-grid panel-no-style\" data-style=\"{&quot;background_image_attachment&quot;:false,&quot;background_display&quot;:&quot;tile&quot;,&quot;full_height&quot;:&quot;&quot;,&quot;bottom_margin&quot;:&quot;100px&quot;,&quot;cell_alignment&quot;:&quot;flex-start&quot;}\">\n<div id=\"pgc-19136-3-0\" class=\"panel-grid-cell\" data-weight=\"1\">\n<div id=\"panel-19136-3-0-0\" class=\"so-panel widget widget_swph-equipments panel-first-child panel-last-child\" data-index=\"3\" data-style=\"{&quot;background_image_attachment&quot;:false,&quot;background_display&quot;:&quot;tile&quot;,&quot;background_image_size&quot;:&quot;full&quot;,&quot;background_image_opacity&quot;:&quot;100&quot;,&quot;border_thickness&quot;:&quot;1px&quot;}\"><div\n\t\t\t\n\t\t\tclass=\"so-widget-swph-equipments so-widget-\"\n\t\t\t\n\t\t><div class=\"equipments\">\n    <h2 class=\"utilites-title\"><\/h2>\n    \n<\/div><\/div><\/div>\n<\/div>\n<\/div>\n<div id=\"pg-19136-4\" class=\"panel-grid panel-no-style\" data-style=\"{&quot;background_image_attachment&quot;:false,&quot;background_display&quot;:&quot;tile&quot;,&quot;full_height&quot;:&quot;&quot;,&quot;bottom_margin&quot;:&quot;100px&quot;,&quot;cell_alignment&quot;:&quot;flex-start&quot;}\">\n<div id=\"pgc-19136-4-0\" class=\"panel-grid-cell\" data-weight=\"1\">\n<div id=\"panel-19136-4-0-0\" class=\"so-panel widget widget_swph-product-services panel-first-child panel-last-child\" data-index=\"4\" data-style=\"{&quot;background_image_attachment&quot;:false,&quot;background_display&quot;:&quot;tile&quot;}\"><div\n\t\t\t\n\t\t\tclass=\"so-widget-swph-product-services so-widget-swph-product-services-base\"\n\t\t\t\n\t\t><div class=\"product-services\">\n    \n    <h2 class=\"widget-title\"> Nos services de conciergerie \u00e0 <br> Annecy <\/h2>\n    <p class=\"widget-subtitle\">En tant que Conciergerie, haut de gamme, nous proposons \u00e0 notre client\u00e8le propri\u00e9taires et locataire des services annexes et sur mesure \u00e0 proximit\u00e9 d'Annecy :<\/p>\n\n    \n<\/div><\/div><\/div>\n<\/div>\n<\/div>\n<div id=\"pg-19136-5\" class=\"panel-grid panel-no-style\" data-style=\"{&quot;background_image_attachment&quot;:false,&quot;background_display&quot;:&quot;tile&quot;,&quot;full_height&quot;:&quot;&quot;,&quot;bottom_margin&quot;:&quot;100px&quot;,&quot;cell_alignment&quot;:&quot;flex-start&quot;}\">\n<div id=\"pgc-19136-5-0\" class=\"panel-grid-cell\" data-weight=\"1\">\n<div id=\"panel-19136-5-0-0\" class=\"so-panel widget widget_swph-map panel-first-child panel-last-child\" data-index=\"5\" data-style=\"{&quot;background_image_attachment&quot;:false,&quot;background_display&quot;:&quot;tile&quot;}\"><div\n\t\t\t\n\t\t\tclass=\"so-widget-swph-map so-widget-\"\n\t\t\t\n\t\t>                                                                                                                            <!-- <h2 class=\"widget-title\">O\u00f9 se trouve votre location<\/h2>\n -->\n<div class=\"map\" >\n    <h2 class=\"widget-title\"><\/h2>\n    <div class=\"map-container\" id=\"map\"><\/div>\n    <script async defer src=\"https:\/\/maps.googleapis.com\/maps\/api\/js?key=AIzaSyDqjatiOyC746ihXxbvOpQOpYVH_jWjvhY&callback=initMap&libraries=&v=beta&map_ids=617ec2058dce724c\"><\/script>\n    <!--<script async defer src=\"--><!--\/sandbox\/greg\/brc\/wp-content\/themes\/brc\/assets\/js\/richmarker.js\"><\/script>-->\n    \n    \n    <script>\n        \/\/ jQuery(document).ready(function () {\n            let map;\n\n            function initMap() {\n                map = new google.maps.Map(document.getElementById(\"map\"), {\n                    center: { lat: 45.8632563, lng: 6.1909542 },\n                    mapId: \"617ec2058dce724c\",\n                    zoom:12,\n                });\n\n                \/\/main marker\n                new google.maps.Marker({\n                    position: { lat: 45.8632563, lng: 6.1909542 },\n                    map,\n                    \/\/ title: \"1\",\n                    icon:'https:\/\/www.annecylocation.com\/wp-content\/themes\/brc\/assets\/images\/main-marker.png',\n                    \/\/ label: {\n                    \/\/     text: \"1\",\n                    \/\/     color: \"#ffffff\",\n                    \/\/     fontSize: \"8px\",\n                    \/\/     fontWeight: \"bold\"\n                    \/\/ }\n                });\n    \n                                                                                                                                                                                                                                                                                                                                                \n            }\n\n        \n        \/\/ });\n        \n    <\/script>\n\n<\/div><\/div><\/div>\n<\/div>\n<\/div>\n<div id=\"pg-19136-6\" class=\"panel-grid panel-no-style\" data-style=\"{&quot;background_image_attachment&quot;:false,&quot;background_display&quot;:&quot;tile&quot;,&quot;full_height&quot;:&quot;&quot;,&quot;cell_alignment&quot;:&quot;flex-start&quot;}\">\n<div id=\"pgc-19136-6-0\" class=\"panel-grid-cell\" data-weight=\"1\">\n<div id=\"panel-19136-6-0-0\" class=\"so-panel widget widget_swph-activities panel-first-child panel-last-child\" data-index=\"6\" data-style=\"{&quot;background_image_attachment&quot;:false,&quot;background_display&quot;:&quot;tile&quot;}\"><div\n\t\t\t\n\t\t\tclass=\"so-widget-swph-activities so-widget-swph-activities-base\"\n\t\t\t\n\t\t><div class=\"activities\">\n    <h2 class=\"widget-title\"><\/h2>\n    \n<\/div><\/div><\/div>\n<\/div>\n<\/div>\n<\/div>\n","protected":false},"excerpt":{"rendered":"<p>Votre location de maison de village proche du centre du village \u00e0 Menthon Saint Bernard &#x1f3e1; Villa estivale avec jardin, piscine et acc\u00e8s lac \u00e0 pied \u2013 Menthon-Saint-Bernard Bienvenue dans cette grande maison familiale id\u00e9ale pour des s\u00e9jours en \u00e9t\u00e9, \u00e0 quelques pas du lac d\u2019Annecy et des courts de tennis de Menthon-Saint-Bernard. Situ\u00e9e dans [&hellip;]<\/p>\n","protected":false},"featured_media":19718,"template":"","meta":[],"product_brand":[],"product_cat":[19],"product_tag":[],"class_list":{"0":"post-19430","1":"product","2":"type-product","3":"status-publish","4":"has-post-thumbnail","6":"product_cat-menthon-saint-bernard","8":"first","9":"instock","10":"virtual","11":"purchasable","12":"product-type-simple"},"yoast_head":"<!-- This site is optimized with the Yoast SEO plugin v26.2 - https:\/\/yoast.com\/wordpress\/plugins\/seo\/ -->\n<title>Villa Norton - piscine et proche du Lac<\/title>\n<meta name=\"description\" content=\"Vous recherchez une location proche du lac d&#039;Annecy ? Notre location de maison \u00e0 Menthon Saint Bernard r\u00e9pondra \u00e0 toutes vos attentes\" \/>\n<meta name=\"robots\" content=\"index, follow, max-snippet:-1, max-image-preview:large, max-video-preview:-1\" \/>\n<link rel=\"canonical\" href=\"https:\/\/annecylocation.com\/fr\/location\/menthon-saint-bernard\/villa-norton-menthon-saint-bernard-piscine\/\" \/>\n<meta property=\"og:locale\" content=\"fr_FR\" \/>\n<meta property=\"og:type\" content=\"article\" \/>\n<meta property=\"og:title\" content=\"Villa Norton - piscine et proche du Lac\" \/>\n<meta property=\"og:description\" content=\"Vous recherchez une location proche du lac d&#039;Annecy ? Notre location de maison \u00e0 Menthon Saint Bernard r\u00e9pondra \u00e0 toutes vos attentes\" \/>\n<meta property=\"og:url\" content=\"https:\/\/annecylocation.com\/fr\/location\/menthon-saint-bernard\/villa-norton-menthon-saint-bernard-piscine\/\" \/>\n<meta property=\"og:site_name\" content=\"AnnecyLocation\" \/>\n<meta property=\"article:modified_time\" content=\"2025-05-09T12:56:01+00:00\" \/>\n<meta property=\"og:image\" content=\"https:\/\/annecylocation.com\/wp-content\/uploads\/2025\/04\/Menthon-Saint-Bernard-Annecy-Location-2500-px-042-SD-1.jpg\" \/>\n\t<meta property=\"og:image:width\" content=\"2500\" \/>\n\t<meta property=\"og:image:height\" content=\"1661\" \/>\n\t<meta property=\"og:image:type\" content=\"image\/jpeg\" \/>\n<meta name=\"twitter:card\" content=\"summary_large_image\" \/>\n<meta name=\"twitter:label1\" content=\"Dur\u00e9e de lecture estim\u00e9e\" \/>\n\t<meta name=\"twitter:data1\" content=\"2 minutes\" \/>\n<script type=\"application\/ld+json\" class=\"yoast-schema-graph\">{\"@context\":\"https:\/\/schema.org\",\"@graph\":[{\"@type\":\"WebPage\",\"@id\":\"https:\/\/annecylocation.com\/fr\/location\/menthon-saint-bernard\/villa-norton-menthon-saint-bernard-piscine\/\",\"url\":\"https:\/\/annecylocation.com\/fr\/location\/menthon-saint-bernard\/villa-norton-menthon-saint-bernard-piscine\/\",\"name\":\"Villa Norton - piscine et proche du Lac\",\"isPartOf\":{\"@id\":\"https:\/\/annecylocation.com\/#website\"},\"primaryImageOfPage\":{\"@id\":\"https:\/\/annecylocation.com\/fr\/location\/menthon-saint-bernard\/villa-norton-menthon-saint-bernard-piscine\/#primaryimage\"},\"image\":{\"@id\":\"https:\/\/annecylocation.com\/fr\/location\/menthon-saint-bernard\/villa-norton-menthon-saint-bernard-piscine\/#primaryimage\"},\"thumbnailUrl\":\"https:\/\/annecylocation.com\/wp-content\/uploads\/2025\/04\/Menthon-Saint-Bernard-Annecy-Location-2500-px-042-SD-1.jpg\",\"datePublished\":\"2025-04-19T12:13:06+00:00\",\"dateModified\":\"2025-05-09T12:56:01+00:00\",\"description\":\"Vous recherchez une location proche du lac d'Annecy ? Notre location de maison \u00e0 Menthon Saint Bernard r\u00e9pondra \u00e0 toutes vos attentes\",\"breadcrumb\":{\"@id\":\"https:\/\/annecylocation.com\/fr\/location\/menthon-saint-bernard\/villa-norton-menthon-saint-bernard-piscine\/#breadcrumb\"},\"inLanguage\":\"fr-FR\",\"potentialAction\":[{\"@type\":\"ReadAction\",\"target\":[\"https:\/\/annecylocation.com\/fr\/location\/menthon-saint-bernard\/villa-norton-menthon-saint-bernard-piscine\/\"]}]},{\"@type\":\"ImageObject\",\"inLanguage\":\"fr-FR\",\"@id\":\"https:\/\/annecylocation.com\/fr\/location\/menthon-saint-bernard\/villa-norton-menthon-saint-bernard-piscine\/#primaryimage\",\"url\":\"https:\/\/annecylocation.com\/wp-content\/uploads\/2025\/04\/Menthon-Saint-Bernard-Annecy-Location-2500-px-042-SD-1.jpg\",\"contentUrl\":\"https:\/\/annecylocation.com\/wp-content\/uploads\/2025\/04\/Menthon-Saint-Bernard-Annecy-Location-2500-px-042-SD-1.jpg\",\"width\":2500,\"height\":1661},{\"@type\":\"BreadcrumbList\",\"@id\":\"https:\/\/annecylocation.com\/fr\/location\/menthon-saint-bernard\/villa-norton-menthon-saint-bernard-piscine\/#breadcrumb\",\"itemListElement\":[{\"@type\":\"ListItem\",\"position\":1,\"name\":\"Home\",\"item\":\"https:\/\/annecylocation.com\/fr\/\"},{\"@type\":\"ListItem\",\"position\":2,\"name\":\"Location\",\"item\":\"https:\/\/annecylocation.com\/fr\/location\/\"},{\"@type\":\"ListItem\",\"position\":3,\"name\":\"Villa Norton &#8211; piscine et proche du Lac\"}]},{\"@type\":\"WebSite\",\"@id\":\"https:\/\/annecylocation.com\/#website\",\"url\":\"https:\/\/annecylocation.com\/\",\"name\":\"AnnecyLocation\",\"description\":\"Location airbnb et conciergerie \u00e0 Annecy\",\"publisher\":{\"@id\":\"https:\/\/annecylocation.com\/#organization\"},\"potentialAction\":[{\"@type\":\"SearchAction\",\"target\":{\"@type\":\"EntryPoint\",\"urlTemplate\":\"https:\/\/annecylocation.com\/?s={search_term_string}\"},\"query-input\":{\"@type\":\"PropertyValueSpecification\",\"valueRequired\":true,\"valueName\":\"search_term_string\"}}],\"inLanguage\":\"fr-FR\"},{\"@type\":\"Organization\",\"@id\":\"https:\/\/annecylocation.com\/#organization\",\"name\":\"AnnecyLocation\",\"url\":\"https:\/\/annecylocation.com\/\",\"logo\":{\"@type\":\"ImageObject\",\"inLanguage\":\"fr-FR\",\"@id\":\"https:\/\/annecylocation.com\/#\/schema\/logo\/image\/\",\"url\":\"https:\/\/annecylocation.com\/wp-content\/uploads\/2021\/06\/cropped-big-logo-annecylocation-large.png\",\"contentUrl\":\"https:\/\/annecylocation.com\/wp-content\/uploads\/2021\/06\/cropped-big-logo-annecylocation-large.png\",\"width\":512,\"height\":512,\"caption\":\"AnnecyLocation\"},\"image\":{\"@id\":\"https:\/\/annecylocation.com\/#\/schema\/logo\/image\/\"}}]}<\/script>\n<!-- \/ Yoast SEO plugin. -->","yoast_head_json":{"title":"Villa Norton - piscine et proche du Lac","description":"Vous recherchez une location proche du lac d'Annecy ? Notre location de maison \u00e0 Menthon Saint Bernard r\u00e9pondra \u00e0 toutes vos attentes","robots":{"index":"index","follow":"follow","max-snippet":"max-snippet:-1","max-image-preview":"max-image-preview:large","max-video-preview":"max-video-preview:-1"},"canonical":"https:\/\/annecylocation.com\/fr\/location\/menthon-saint-bernard\/villa-norton-menthon-saint-bernard-piscine\/","og_locale":"fr_FR","og_type":"article","og_title":"Villa Norton - piscine et proche du Lac","og_description":"Vous recherchez une location proche du lac d'Annecy ? Notre location de maison \u00e0 Menthon Saint Bernard r\u00e9pondra \u00e0 toutes vos attentes","og_url":"https:\/\/annecylocation.com\/fr\/location\/menthon-saint-bernard\/villa-norton-menthon-saint-bernard-piscine\/","og_site_name":"AnnecyLocation","article_modified_time":"2025-05-09T12:56:01+00:00","og_image":[{"width":2500,"height":1661,"url":"https:\/\/annecylocation.com\/wp-content\/uploads\/2025\/04\/Menthon-Saint-Bernard-Annecy-Location-2500-px-042-SD-1.jpg","type":"image\/jpeg"}],"twitter_card":"summary_large_image","twitter_misc":{"Dur\u00e9e de lecture estim\u00e9e":"2 minutes"},"schema":{"@context":"https:\/\/schema.org","@graph":[{"@type":"WebPage","@id":"https:\/\/annecylocation.com\/fr\/location\/menthon-saint-bernard\/villa-norton-menthon-saint-bernard-piscine\/","url":"https:\/\/annecylocation.com\/fr\/location\/menthon-saint-bernard\/villa-norton-menthon-saint-bernard-piscine\/","name":"Villa Norton - piscine et proche du Lac","isPartOf":{"@id":"https:\/\/annecylocation.com\/#website"},"primaryImageOfPage":{"@id":"https:\/\/annecylocation.com\/fr\/location\/menthon-saint-bernard\/villa-norton-menthon-saint-bernard-piscine\/#primaryimage"},"image":{"@id":"https:\/\/annecylocation.com\/fr\/location\/menthon-saint-bernard\/villa-norton-menthon-saint-bernard-piscine\/#primaryimage"},"thumbnailUrl":"https:\/\/annecylocation.com\/wp-content\/uploads\/2025\/04\/Menthon-Saint-Bernard-Annecy-Location-2500-px-042-SD-1.jpg","datePublished":"2025-04-19T12:13:06+00:00","dateModified":"2025-05-09T12:56:01+00:00","description":"Vous recherchez une location proche du lac d'Annecy ? Notre location de maison \u00e0 Menthon Saint Bernard r\u00e9pondra \u00e0 toutes vos attentes","breadcrumb":{"@id":"https:\/\/annecylocation.com\/fr\/location\/menthon-saint-bernard\/villa-norton-menthon-saint-bernard-piscine\/#breadcrumb"},"inLanguage":"fr-FR","potentialAction":[{"@type":"ReadAction","target":["https:\/\/annecylocation.com\/fr\/location\/menthon-saint-bernard\/villa-norton-menthon-saint-bernard-piscine\/"]}]},{"@type":"ImageObject","inLanguage":"fr-FR","@id":"https:\/\/annecylocation.com\/fr\/location\/menthon-saint-bernard\/villa-norton-menthon-saint-bernard-piscine\/#primaryimage","url":"https:\/\/annecylocation.com\/wp-content\/uploads\/2025\/04\/Menthon-Saint-Bernard-Annecy-Location-2500-px-042-SD-1.jpg","contentUrl":"https:\/\/annecylocation.com\/wp-content\/uploads\/2025\/04\/Menthon-Saint-Bernard-Annecy-Location-2500-px-042-SD-1.jpg","width":2500,"height":1661},{"@type":"BreadcrumbList","@id":"https:\/\/annecylocation.com\/fr\/location\/menthon-saint-bernard\/villa-norton-menthon-saint-bernard-piscine\/#breadcrumb","itemListElement":[{"@type":"ListItem","position":1,"name":"Home","item":"https:\/\/annecylocation.com\/fr\/"},{"@type":"ListItem","position":2,"name":"Location","item":"https:\/\/annecylocation.com\/fr\/location\/"},{"@type":"ListItem","position":3,"name":"Villa Norton &#8211; piscine et proche du Lac"}]},{"@type":"WebSite","@id":"https:\/\/annecylocation.com\/#website","url":"https:\/\/annecylocation.com\/","name":"AnnecyLocation","description":"Location airbnb et conciergerie \u00e0 Annecy","publisher":{"@id":"https:\/\/annecylocation.com\/#organization"},"potentialAction":[{"@type":"SearchAction","target":{"@type":"EntryPoint","urlTemplate":"https:\/\/annecylocation.com\/?s={search_term_string}"},"query-input":{"@type":"PropertyValueSpecification","valueRequired":true,"valueName":"search_term_string"}}],"inLanguage":"fr-FR"},{"@type":"Organization","@id":"https:\/\/annecylocation.com\/#organization","name":"AnnecyLocation","url":"https:\/\/annecylocation.com\/","logo":{"@type":"ImageObject","inLanguage":"fr-FR","@id":"https:\/\/annecylocation.com\/#\/schema\/logo\/image\/","url":"https:\/\/annecylocation.com\/wp-content\/uploads\/2021\/06\/cropped-big-logo-annecylocation-large.png","contentUrl":"https:\/\/annecylocation.com\/wp-content\/uploads\/2021\/06\/cropped-big-logo-annecylocation-large.png","width":512,"height":512,"caption":"AnnecyLocation"},"image":{"@id":"https:\/\/annecylocation.com\/#\/schema\/logo\/image\/"}}]}},"_links":{"self":[{"href":"https:\/\/annecylocation.com\/fr\/wp-json\/wp\/v2\/product\/19430","targetHints":{"allow":["GET"]}}],"collection":[{"href":"https:\/\/annecylocation.com\/fr\/wp-json\/wp\/v2\/product"}],"about":[{"href":"https:\/\/annecylocation.com\/fr\/wp-json\/wp\/v2\/types\/product"}],"wp:featuredmedia":[{"embeddable":true,"href":"https:\/\/annecylocation.com\/fr\/wp-json\/wp\/v2\/media\/19718"}],"wp:attachment":[{"href":"https:\/\/annecylocation.com\/fr\/wp-json\/wp\/v2\/media?parent=19430"}],"wp:term":[{"taxonomy":"product_brand","embeddable":true,"href":"https:\/\/annecylocation.com\/fr\/wp-json\/wp\/v2\/product_brand?post=19430"},{"taxonomy":"product_cat","embeddable":true,"href":"https:\/\/annecylocation.com\/fr\/wp-json\/wp\/v2\/product_cat?post=19430"},{"taxonomy":"product_tag","embeddable":true,"href":"https:\/\/annecylocation.com\/fr\/wp-json\/wp\/v2\/product_tag?post=19430"}],"curies":[{"name":"wp","href":"https:\/\/api.w.org\/{rel}","templated":true}]}}