{"id":19433,"date":"2025-04-19T12:28:47","date_gmt":"2025-04-19T12:28:47","guid":{"rendered":"https:\/\/annecylocation.com\/?post_type=product&#038;p=19433"},"modified":"2025-05-09T12:53:53","modified_gmt":"2025-05-09T12:53:53","slug":"le-jardin-du-bout-du-lac-doussard","status":"publish","type":"product","link":"https:\/\/annecylocation.com\/fr\/location\/doussard\/le-jardin-du-bout-du-lac-doussard\/","title":{"rendered":"Le Jardin du Bout du Lac &#8211; Doussard"},"content":{"rendered":"<div id=\"pl-13215\" class=\"panel-layout\">\n<div id=\"pg-13215-0\" class=\"panel-grid panel-no-style\" data-style=\"{&quot;background_image_attachment&quot;:false,&quot;background_display&quot;:&quot;tile&quot;,&quot;full_height&quot;:&quot;&quot;,&quot;bottom_margin&quot;:&quot;40px&quot;,&quot;cell_alignment&quot;:&quot;flex-start&quot;}\">\n<div id=\"pgc-13215-0-0\" class=\"panel-grid-cell\" data-style=\"{&quot;background_image_attachment&quot;:false,&quot;background_display&quot;:&quot;tile&quot;,&quot;vertical_alignment&quot;:&quot;auto&quot;}\" data-weight=\"1\">\n<div id=\"panel-13215-0-0-0\" class=\"so-panel widget widget_swph-utilities panel-first-child panel-last-child\" data-index=\"0\" data-style=\"{&quot;background_image_attachment&quot;:false,&quot;background_display&quot;:&quot;tile&quot;,&quot;background_image_size&quot;:&quot;full&quot;,&quot;border_thickness&quot;:&quot;1px&quot;}\"><div\n\t\t\t\n\t\t\tclass=\"so-widget-swph-utilities so-widget-\"\n\t\t\t\n\t\t><div class=\"utilities\">\n    <h2 class=\"utilites-title\"><\/h2>\n    \n<\/div>\n<\/div><\/div>\n<\/div>\n<\/div>\n<p>Bienvenue au Jardin du Bout du Lac, une charmante maison situ\u00e9e en plein c\u0153ur de Doussard, \u00e0 deux pas des rives du lac d\u2019Annecy. Situ\u00e9e \u00e0 c\u00f4t\u00e9 de l\u2019\u00e9glise du village, dont les cloches marquent les heures et demi-heures (de 7h \u00e0 22h), ajoutant une touche authentique \u00e0 l\u2019ambiance du lieu\u2026. Elle peut accueillir jusqu\u2019\u00e0 8 personnes et offre tout le confort n\u00e9cessaire. Son grand jardin arbor\u00e9 abrite un joli bassin \u00e0 poissons, pour une ambiance nature et reposante.<\/p>\n<p>&#x1f33f; Une localisation id\u00e9ale entre lac et montagnes<br \/>\nLa maison est id\u00e9alement situ\u00e9e :<\/p>\n<p>\u00c0 5 minutes \u00e0 v\u00e9lo de la plage de Doussard, au bout du lac d\u2019Annecy<br \/>\n\u00c0 proximit\u00e9 imm\u00e9diate des commerces du village<br \/>\n\u00c0 30 minutes en voiture d\u2019Annecy<br \/>\n\u00c0 15 minutes du massif des Bauges, et 20 minutes des Aravis<br \/>\nVous pourrez \u00e9galement profiter des sentiers de la r\u00e9serve naturelle du Bout du Lac, \u00e0 deux pas.<br \/>\n&#x1f512; Informations pratiques :<\/p>\n<p>Logement non-fumeur<br \/>\nAnimaux non admis<br \/>\nCalme requis apr\u00e8s 22h<br \/>\nAssistance sur place disponible jusqu\u2019\u00e0 20h<br \/>\n&#x1f4c5; R\u00e9servez d\u00e8s maintenant votre s\u00e9jour, pour des vacances inoubliables entre lac et montagnes.<br \/>\n&#x1f4e9; Contactez-nous pour toute information compl\u00e9mentaire !<\/p>\n<p>&#x1f3e1; Confort, espace et nature au rendez-vous<br \/>\nD\u2019une superficie de 150 m\u00b2, la maison offre un cadre chaleureux et fonctionnel, r\u00e9parti sur plusieurs niveaux. Elle est entour\u00e9e d\u2019un grand jardin arbor\u00e9 de 800 m\u00b2, parfait pour les enfants\u2026 ou pour profiter du calme de la campagne savoyarde. Une machine \u00e0 laver est \u00e9galement \u00e0 disposition, install\u00e9e \u00e0 l\u2019ext\u00e9rieur de la maison.<\/p>\n<p>&#x1f6cf; Agencement des pi\u00e8ces :<br \/>\nRez-de-chauss\u00e9e :<\/p>\n<p>Cuisine enti\u00e8rement \u00e9quip\u00e9e<br \/>\nSalon de lecture cosy<br \/>\nChambre double avec salle d\u2019eau attenante<br \/>\nDemi-niveau :<\/p>\n<p>Vaste salon lumineux d\u2019environ 100 m\u00b2, parfait pour partager des moments conviviaux autour d\u2019un jeu, d\u2019un film ou tout simplement au coin du canap\u00e9<br \/>\n\u00c9tage :<\/p>\n<p>Trois chambres confortables<br \/>\nUne salle de bain avec douche<br \/>\nChaque chambre dispose de rangements pour un s\u00e9jour tout confort<\/p>\n<div id=\"pg-13215-3\" class=\"panel-grid panel-no-style\" data-style=\"{&quot;background_image_attachment&quot;:false,&quot;background_display&quot;:&quot;tile&quot;,&quot;full_height&quot;:&quot;&quot;,&quot;bottom_margin&quot;:&quot;100px&quot;,&quot;cell_alignment&quot;:&quot;flex-start&quot;}\">\n<div id=\"pgc-13215-3-0\" class=\"panel-grid-cell\" data-weight=\"1\">\n<div id=\"panel-13215-3-0-0\" class=\"so-panel widget widget_swph-equipments panel-first-child panel-last-child\" data-index=\"3\" data-style=\"{&quot;background_image_attachment&quot;:false,&quot;background_display&quot;:&quot;tile&quot;,&quot;background_image_size&quot;:&quot;full&quot;,&quot;border_thickness&quot;:&quot;1px&quot;}\"><div\n\t\t\t\n\t\t\tclass=\"so-widget-swph-equipments so-widget-\"\n\t\t\t\n\t\t><div class=\"equipments\">\n    <h2 class=\"utilites-title\"><\/h2>\n    \n<\/div><\/div><\/div>\n<\/div>\n<\/div>\n<div id=\"pg-13215-4\" class=\"panel-grid panel-no-style\" data-style=\"{&quot;background_image_attachment&quot;:false,&quot;background_display&quot;:&quot;tile&quot;,&quot;full_height&quot;:&quot;&quot;,&quot;bottom_margin&quot;:&quot;100px&quot;,&quot;cell_alignment&quot;:&quot;flex-start&quot;}\">\n<div id=\"pgc-13215-4-0\" class=\"panel-grid-cell\" data-weight=\"1\">\n<div id=\"panel-13215-4-0-0\" class=\"so-panel widget widget_swph-product-services panel-first-child panel-last-child\" data-index=\"4\" data-style=\"{&quot;background_image_attachment&quot;:false,&quot;background_display&quot;:&quot;tile&quot;,&quot;background_image_size&quot;:&quot;full&quot;,&quot;border_thickness&quot;:&quot;1px&quot;}\"><div\n\t\t\t\n\t\t\tclass=\"so-widget-swph-product-services so-widget-swph-product-services-base\"\n\t\t\t\n\t\t><div class=\"product-services\">\n    \n    <h2 class=\"widget-title\"> Nos services de conciergerie \u00e0 <br> Annecy <\/h2>\n    <p class=\"widget-subtitle\">En tant que Conciergerie, haut de gamme, nous proposons \u00e0 notre client\u00e8le propri\u00e9taires et locataire des services annexes et sur mesure \u00e0 proximit\u00e9 d'Annecy :<\/p>\n\n    \n<\/div><\/div><\/div>\n<\/div>\n<\/div>\n<div id=\"pg-13215-5\" class=\"panel-grid panel-no-style\" data-style=\"{&quot;background_image_attachment&quot;:false,&quot;background_display&quot;:&quot;tile&quot;,&quot;full_height&quot;:&quot;&quot;,&quot;bottom_margin&quot;:&quot;100px&quot;,&quot;cell_alignment&quot;:&quot;flex-start&quot;}\">\n<div id=\"pgc-13215-5-0\" class=\"panel-grid-cell\" data-weight=\"1\">\n<div id=\"panel-13215-5-0-0\" class=\"so-panel widget widget_swph-map panel-first-child panel-last-child\" data-index=\"5\" data-style=\"{&quot;background_image_attachment&quot;:false,&quot;background_display&quot;:&quot;tile&quot;,&quot;background_image_size&quot;:&quot;full&quot;,&quot;border_thickness&quot;:&quot;1px&quot;}\"><div\n\t\t\t\n\t\t\tclass=\"so-widget-swph-map so-widget-\"\n\t\t\t\n\t\t>                                                                                                                            <!-- <h2 class=\"widget-title\">O\u00f9 se trouve votre location<\/h2>\n -->\n<div class=\"map\" >\n    <h2 class=\"widget-title\"><\/h2>\n    <div class=\"map-container\" id=\"map\"><\/div>\n    <script async defer src=\"https:\/\/maps.googleapis.com\/maps\/api\/js?key=AIzaSyDqjatiOyC746ihXxbvOpQOpYVH_jWjvhY&callback=initMap&libraries=&v=beta&map_ids=617ec2058dce724c\"><\/script>\n    <!--<script async defer src=\"--><!--\/sandbox\/greg\/brc\/wp-content\/themes\/brc\/assets\/js\/richmarker.js\"><\/script>-->\n    \n    \n    <script>\n        \/\/ jQuery(document).ready(function () {\n            let map;\n\n            function initMap() {\n                map = new google.maps.Map(document.getElementById(\"map\"), {\n                    center: { lat: 45.7884935, lng: 6.2343444 },\n                    mapId: \"617ec2058dce724c\",\n                    zoom:12,\n                });\n\n                \/\/main marker\n                new google.maps.Marker({\n                    position: { lat: 45.7884935, lng: 6.2343444 },\n                    map,\n                    \/\/ title: \"1\",\n                    icon:'https:\/\/www.annecylocation.com\/wp-content\/themes\/brc\/assets\/images\/main-marker.png',\n                    \/\/ label: {\n                    \/\/     text: \"1\",\n                    \/\/     color: \"#ffffff\",\n                    \/\/     fontSize: \"8px\",\n                    \/\/     fontWeight: \"bold\"\n                    \/\/ }\n                });\n    \n                                                                                                                                                                                                                                                                                                                                                \n            }\n\n        \n        \/\/ });\n        \n    <\/script>\n\n<\/div><\/div><\/div>\n<\/div>\n<\/div>\n<div id=\"pg-13215-6\" class=\"panel-grid panel-no-style\" data-style=\"{&quot;background_image_attachment&quot;:false,&quot;background_display&quot;:&quot;tile&quot;,&quot;full_height&quot;:&quot;&quot;,&quot;cell_alignment&quot;:&quot;flex-start&quot;}\">\n<div id=\"pgc-13215-6-0\" class=\"panel-grid-cell\" data-weight=\"1\">\n<div id=\"panel-13215-6-0-0\" class=\"so-panel widget widget_swph-activities panel-first-child\" data-index=\"6\" data-style=\"{&quot;background_image_attachment&quot;:false,&quot;background_display&quot;:&quot;tile&quot;,&quot;background_image_size&quot;:&quot;full&quot;,&quot;border_thickness&quot;:&quot;1px&quot;}\"><div\n\t\t\t\n\t\t\tclass=\"so-widget-swph-activities so-widget-swph-activities-base\"\n\t\t\t\n\t\t><div class=\"activities\">\n    <h2 class=\"widget-title\"><\/h2>\n    \n<\/div><\/div><\/div>\n<div id=\"panel-13215-6-0-1\" class=\"so-panel widget widget_swph-activities panel-last-child\" data-index=\"7\" data-style=\"{&quot;background_image_attachment&quot;:false,&quot;background_display&quot;:&quot;tile&quot;,&quot;background_image_size&quot;:&quot;full&quot;,&quot;border_thickness&quot;:&quot;1px&quot;}\"><div\n\t\t\t\n\t\t\tclass=\"so-widget-swph-activities so-widget-swph-activities-base\"\n\t\t\t\n\t\t><div class=\"activities\">\n    <h2 class=\"widget-title\"><\/h2>\n    \n<\/div><\/div><\/div>\n<\/div>\n<\/div>\n<\/div>\n","protected":false},"excerpt":{"rendered":"<p>Bienvenue au Jardin du Bout du Lac, une charmante maison situ\u00e9e en plein c\u0153ur de Doussard, \u00e0 deux pas des rives du lac d\u2019Annecy. Situ\u00e9e \u00e0 c\u00f4t\u00e9 de l\u2019\u00e9glise du village, dont les cloches marquent les heures et demi-heures (de 7h \u00e0 22h), ajoutant une touche authentique \u00e0 l\u2019ambiance du lieu\u2026. Elle peut accueillir jusqu\u2019\u00e0 [&hellip;]<\/p>\n","protected":false},"featured_media":20019,"template":"","meta":[],"product_brand":[],"product_cat":[80],"product_tag":[],"class_list":{"0":"post-19433","1":"product","2":"type-product","3":"status-publish","4":"has-post-thumbnail","6":"product_cat-doussard","8":"first","9":"instock","10":"virtual","11":"product-type-simple"},"yoast_head":"<!-- This site is optimized with the Yoast SEO plugin v26.2 - https:\/\/yoast.com\/wordpress\/plugins\/seo\/ -->\n<title>Le Jardin du Bout du Lac - Doussard<\/title>\n<meta name=\"description\" content=\"Vous recherchez une location proche du lac d&#039;Annecy ? Notre location \u00e0 Doussard r\u00e9pondra \u00e0 toutes vos attentes\" \/>\n<meta name=\"robots\" content=\"index, follow, max-snippet:-1, max-image-preview:large, max-video-preview:-1\" \/>\n<link rel=\"canonical\" href=\"https:\/\/annecylocation.com\/fr\/location\/doussard\/le-jardin-du-bout-du-lac-doussard\/\" \/>\n<meta property=\"og:locale\" content=\"fr_FR\" \/>\n<meta property=\"og:type\" content=\"article\" \/>\n<meta property=\"og:title\" content=\"Le Jardin du Bout du Lac - Doussard\" \/>\n<meta property=\"og:description\" content=\"Vous recherchez une location proche du lac d&#039;Annecy ? Notre location \u00e0 Doussard r\u00e9pondra \u00e0 toutes vos attentes\" \/>\n<meta property=\"og:url\" content=\"https:\/\/annecylocation.com\/fr\/location\/doussard\/le-jardin-du-bout-du-lac-doussard\/\" \/>\n<meta property=\"og:site_name\" content=\"AnnecyLocation\" \/>\n<meta property=\"article:modified_time\" content=\"2025-05-09T12:53:53+00:00\" \/>\n<meta property=\"og:image\" content=\"https:\/\/annecylocation.com\/wp-content\/uploads\/2025\/04\/Doiussard-Maison-Annecy-Location-Compo-001-HD.jpg\" \/>\n\t<meta property=\"og:image:width\" content=\"2500\" \/>\n\t<meta property=\"og:image:height\" content=\"1667\" \/>\n\t<meta property=\"og:image:type\" content=\"image\/jpeg\" \/>\n<meta name=\"twitter:card\" content=\"summary_large_image\" \/>\n<meta name=\"twitter:label1\" content=\"Dur\u00e9e de lecture estim\u00e9e\" \/>\n\t<meta name=\"twitter:data1\" content=\"2 minutes\" \/>\n<script type=\"application\/ld+json\" class=\"yoast-schema-graph\">{\"@context\":\"https:\/\/schema.org\",\"@graph\":[{\"@type\":\"WebPage\",\"@id\":\"https:\/\/annecylocation.com\/fr\/location\/doussard\/le-jardin-du-bout-du-lac-doussard\/\",\"url\":\"https:\/\/annecylocation.com\/fr\/location\/doussard\/le-jardin-du-bout-du-lac-doussard\/\",\"name\":\"Le Jardin du Bout du Lac - Doussard\",\"isPartOf\":{\"@id\":\"https:\/\/annecylocation.com\/#website\"},\"primaryImageOfPage\":{\"@id\":\"https:\/\/annecylocation.com\/fr\/location\/doussard\/le-jardin-du-bout-du-lac-doussard\/#primaryimage\"},\"image\":{\"@id\":\"https:\/\/annecylocation.com\/fr\/location\/doussard\/le-jardin-du-bout-du-lac-doussard\/#primaryimage\"},\"thumbnailUrl\":\"https:\/\/annecylocation.com\/wp-content\/uploads\/2025\/04\/Doiussard-Maison-Annecy-Location-Compo-001-HD.jpg\",\"datePublished\":\"2025-04-19T12:28:47+00:00\",\"dateModified\":\"2025-05-09T12:53:53+00:00\",\"description\":\"Vous recherchez une location proche du lac d'Annecy ? Notre location \u00e0 Doussard r\u00e9pondra \u00e0 toutes vos attentes\",\"breadcrumb\":{\"@id\":\"https:\/\/annecylocation.com\/fr\/location\/doussard\/le-jardin-du-bout-du-lac-doussard\/#breadcrumb\"},\"inLanguage\":\"fr-FR\",\"potentialAction\":[{\"@type\":\"ReadAction\",\"target\":[\"https:\/\/annecylocation.com\/fr\/location\/doussard\/le-jardin-du-bout-du-lac-doussard\/\"]}]},{\"@type\":\"ImageObject\",\"inLanguage\":\"fr-FR\",\"@id\":\"https:\/\/annecylocation.com\/fr\/location\/doussard\/le-jardin-du-bout-du-lac-doussard\/#primaryimage\",\"url\":\"https:\/\/annecylocation.com\/wp-content\/uploads\/2025\/04\/Doiussard-Maison-Annecy-Location-Compo-001-HD.jpg\",\"contentUrl\":\"https:\/\/annecylocation.com\/wp-content\/uploads\/2025\/04\/Doiussard-Maison-Annecy-Location-Compo-001-HD.jpg\",\"width\":2500,\"height\":1667},{\"@type\":\"BreadcrumbList\",\"@id\":\"https:\/\/annecylocation.com\/fr\/location\/doussard\/le-jardin-du-bout-du-lac-doussard\/#breadcrumb\",\"itemListElement\":[{\"@type\":\"ListItem\",\"position\":1,\"name\":\"Home\",\"item\":\"https:\/\/annecylocation.com\/fr\/\"},{\"@type\":\"ListItem\",\"position\":2,\"name\":\"Location\",\"item\":\"https:\/\/annecylocation.com\/fr\/location\/\"},{\"@type\":\"ListItem\",\"position\":3,\"name\":\"Le Jardin du Bout du Lac &#8211; Doussard\"}]},{\"@type\":\"WebSite\",\"@id\":\"https:\/\/annecylocation.com\/#website\",\"url\":\"https:\/\/annecylocation.com\/\",\"name\":\"AnnecyLocation\",\"description\":\"Location airbnb et conciergerie \u00e0 Annecy\",\"publisher\":{\"@id\":\"https:\/\/annecylocation.com\/#organization\"},\"potentialAction\":[{\"@type\":\"SearchAction\",\"target\":{\"@type\":\"EntryPoint\",\"urlTemplate\":\"https:\/\/annecylocation.com\/?s={search_term_string}\"},\"query-input\":{\"@type\":\"PropertyValueSpecification\",\"valueRequired\":true,\"valueName\":\"search_term_string\"}}],\"inLanguage\":\"fr-FR\"},{\"@type\":\"Organization\",\"@id\":\"https:\/\/annecylocation.com\/#organization\",\"name\":\"AnnecyLocation\",\"url\":\"https:\/\/annecylocation.com\/\",\"logo\":{\"@type\":\"ImageObject\",\"inLanguage\":\"fr-FR\",\"@id\":\"https:\/\/annecylocation.com\/#\/schema\/logo\/image\/\",\"url\":\"https:\/\/annecylocation.com\/wp-content\/uploads\/2021\/06\/cropped-big-logo-annecylocation-large.png\",\"contentUrl\":\"https:\/\/annecylocation.com\/wp-content\/uploads\/2021\/06\/cropped-big-logo-annecylocation-large.png\",\"width\":512,\"height\":512,\"caption\":\"AnnecyLocation\"},\"image\":{\"@id\":\"https:\/\/annecylocation.com\/#\/schema\/logo\/image\/\"}}]}<\/script>\n<!-- \/ Yoast SEO plugin. -->","yoast_head_json":{"title":"Le Jardin du Bout du Lac - Doussard","description":"Vous recherchez une location proche du lac d'Annecy ? Notre location \u00e0 Doussard r\u00e9pondra \u00e0 toutes vos attentes","robots":{"index":"index","follow":"follow","max-snippet":"max-snippet:-1","max-image-preview":"max-image-preview:large","max-video-preview":"max-video-preview:-1"},"canonical":"https:\/\/annecylocation.com\/fr\/location\/doussard\/le-jardin-du-bout-du-lac-doussard\/","og_locale":"fr_FR","og_type":"article","og_title":"Le Jardin du Bout du Lac - Doussard","og_description":"Vous recherchez une location proche du lac d'Annecy ? Notre location \u00e0 Doussard r\u00e9pondra \u00e0 toutes vos attentes","og_url":"https:\/\/annecylocation.com\/fr\/location\/doussard\/le-jardin-du-bout-du-lac-doussard\/","og_site_name":"AnnecyLocation","article_modified_time":"2025-05-09T12:53:53+00:00","og_image":[{"width":2500,"height":1667,"url":"https:\/\/annecylocation.com\/wp-content\/uploads\/2025\/04\/Doiussard-Maison-Annecy-Location-Compo-001-HD.jpg","type":"image\/jpeg"}],"twitter_card":"summary_large_image","twitter_misc":{"Dur\u00e9e de lecture estim\u00e9e":"2 minutes"},"schema":{"@context":"https:\/\/schema.org","@graph":[{"@type":"WebPage","@id":"https:\/\/annecylocation.com\/fr\/location\/doussard\/le-jardin-du-bout-du-lac-doussard\/","url":"https:\/\/annecylocation.com\/fr\/location\/doussard\/le-jardin-du-bout-du-lac-doussard\/","name":"Le Jardin du Bout du Lac - Doussard","isPartOf":{"@id":"https:\/\/annecylocation.com\/#website"},"primaryImageOfPage":{"@id":"https:\/\/annecylocation.com\/fr\/location\/doussard\/le-jardin-du-bout-du-lac-doussard\/#primaryimage"},"image":{"@id":"https:\/\/annecylocation.com\/fr\/location\/doussard\/le-jardin-du-bout-du-lac-doussard\/#primaryimage"},"thumbnailUrl":"https:\/\/annecylocation.com\/wp-content\/uploads\/2025\/04\/Doiussard-Maison-Annecy-Location-Compo-001-HD.jpg","datePublished":"2025-04-19T12:28:47+00:00","dateModified":"2025-05-09T12:53:53+00:00","description":"Vous recherchez une location proche du lac d'Annecy ? Notre location \u00e0 Doussard r\u00e9pondra \u00e0 toutes vos attentes","breadcrumb":{"@id":"https:\/\/annecylocation.com\/fr\/location\/doussard\/le-jardin-du-bout-du-lac-doussard\/#breadcrumb"},"inLanguage":"fr-FR","potentialAction":[{"@type":"ReadAction","target":["https:\/\/annecylocation.com\/fr\/location\/doussard\/le-jardin-du-bout-du-lac-doussard\/"]}]},{"@type":"ImageObject","inLanguage":"fr-FR","@id":"https:\/\/annecylocation.com\/fr\/location\/doussard\/le-jardin-du-bout-du-lac-doussard\/#primaryimage","url":"https:\/\/annecylocation.com\/wp-content\/uploads\/2025\/04\/Doiussard-Maison-Annecy-Location-Compo-001-HD.jpg","contentUrl":"https:\/\/annecylocation.com\/wp-content\/uploads\/2025\/04\/Doiussard-Maison-Annecy-Location-Compo-001-HD.jpg","width":2500,"height":1667},{"@type":"BreadcrumbList","@id":"https:\/\/annecylocation.com\/fr\/location\/doussard\/le-jardin-du-bout-du-lac-doussard\/#breadcrumb","itemListElement":[{"@type":"ListItem","position":1,"name":"Home","item":"https:\/\/annecylocation.com\/fr\/"},{"@type":"ListItem","position":2,"name":"Location","item":"https:\/\/annecylocation.com\/fr\/location\/"},{"@type":"ListItem","position":3,"name":"Le Jardin du Bout du Lac &#8211; Doussard"}]},{"@type":"WebSite","@id":"https:\/\/annecylocation.com\/#website","url":"https:\/\/annecylocation.com\/","name":"AnnecyLocation","description":"Location airbnb et conciergerie \u00e0 Annecy","publisher":{"@id":"https:\/\/annecylocation.com\/#organization"},"potentialAction":[{"@type":"SearchAction","target":{"@type":"EntryPoint","urlTemplate":"https:\/\/annecylocation.com\/?s={search_term_string}"},"query-input":{"@type":"PropertyValueSpecification","valueRequired":true,"valueName":"search_term_string"}}],"inLanguage":"fr-FR"},{"@type":"Organization","@id":"https:\/\/annecylocation.com\/#organization","name":"AnnecyLocation","url":"https:\/\/annecylocation.com\/","logo":{"@type":"ImageObject","inLanguage":"fr-FR","@id":"https:\/\/annecylocation.com\/#\/schema\/logo\/image\/","url":"https:\/\/annecylocation.com\/wp-content\/uploads\/2021\/06\/cropped-big-logo-annecylocation-large.png","contentUrl":"https:\/\/annecylocation.com\/wp-content\/uploads\/2021\/06\/cropped-big-logo-annecylocation-large.png","width":512,"height":512,"caption":"AnnecyLocation"},"image":{"@id":"https:\/\/annecylocation.com\/#\/schema\/logo\/image\/"}}]}},"_links":{"self":[{"href":"https:\/\/annecylocation.com\/fr\/wp-json\/wp\/v2\/product\/19433","targetHints":{"allow":["GET"]}}],"collection":[{"href":"https:\/\/annecylocation.com\/fr\/wp-json\/wp\/v2\/product"}],"about":[{"href":"https:\/\/annecylocation.com\/fr\/wp-json\/wp\/v2\/types\/product"}],"wp:featuredmedia":[{"embeddable":true,"href":"https:\/\/annecylocation.com\/fr\/wp-json\/wp\/v2\/media\/20019"}],"wp:attachment":[{"href":"https:\/\/annecylocation.com\/fr\/wp-json\/wp\/v2\/media?parent=19433"}],"wp:term":[{"taxonomy":"product_brand","embeddable":true,"href":"https:\/\/annecylocation.com\/fr\/wp-json\/wp\/v2\/product_brand?post=19433"},{"taxonomy":"product_cat","embeddable":true,"href":"https:\/\/annecylocation.com\/fr\/wp-json\/wp\/v2\/product_cat?post=19433"},{"taxonomy":"product_tag","embeddable":true,"href":"https:\/\/annecylocation.com\/fr\/wp-json\/wp\/v2\/product_tag?post=19433"}],"curies":[{"name":"wp","href":"https:\/\/api.w.org\/{rel}","templated":true}]}}