{"id":20021,"date":"2025-05-02T12:50:38","date_gmt":"2025-05-02T12:50:38","guid":{"rendered":"https:\/\/annecylocation.com\/?post_type=product&#038;p=20021"},"modified":"2025-05-09T12:46:10","modified_gmt":"2025-05-09T12:46:10","slug":"lhermitage-appartement-vue-panoramique","status":"publish","type":"product","link":"https:\/\/annecylocation.com\/fr\/location\/talloires\/lhermitage-appartement-vue-panoramique\/","title":{"rendered":"L&#8217;Hermitage \u2013 Appartement Vue Panoramique"},"content":{"rendered":"<div id=\"pl-19130\" class=\"panel-layout\">\n<div id=\"pg-19130-0\" class=\"panel-grid panel-no-style\" data-style=\"{&quot;background_image_attachment&quot;:false,&quot;background_display&quot;:&quot;tile&quot;,&quot;full_height&quot;:&quot;&quot;,&quot;bottom_margin&quot;:&quot;40px&quot;,&quot;cell_alignment&quot;:&quot;flex-start&quot;}\">\n<div id=\"pgc-19130-0-0\" class=\"panel-grid-cell\" data-style=\"{&quot;background_image_attachment&quot;:false,&quot;background_display&quot;:&quot;tile&quot;,&quot;vertical_alignment&quot;:&quot;auto&quot;}\" data-weight=\"1\">\n<div id=\"panel-19130-0-0-0\" class=\"so-panel widget widget_swph-utilities panel-first-child panel-last-child\" data-index=\"0\" data-style=\"{&quot;background_image_attachment&quot;:false,&quot;background_display&quot;:&quot;tile&quot;,&quot;background_image_size&quot;:&quot;full&quot;,&quot;background_image_opacity&quot;:&quot;100&quot;,&quot;border_thickness&quot;:&quot;1px&quot;}\"><div\n\t\t\t\n\t\t\tclass=\"so-widget-swph-utilities so-widget-\"\n\t\t\t\n\t\t><div class=\"utilities\">\n    <h2 class=\"utilites-title\"><\/h2>\n    \n<\/div>\n<\/div><\/div>\n<\/div>\n<\/div>\n<div id=\"pg-19130-1\" class=\"panel-grid panel-no-style\" data-style=\"{&quot;background_image_attachment&quot;:false,&quot;background_display&quot;:&quot;tile&quot;,&quot;full_height&quot;:&quot;&quot;,&quot;bottom_margin&quot;:&quot;100px&quot;,&quot;cell_alignment&quot;:&quot;flex-start&quot;}\">\n<div id=\"pgc-19130-1-0\" class=\"panel-grid-cell\" data-weight=\"1\">\n<div id=\"panel-19130-1-0-0\" class=\"so-panel widget widget_sow-editor panel-first-child panel-last-child\" data-index=\"1\" data-style=\"{&quot;background_image_attachment&quot;:false,&quot;background_display&quot;:&quot;tile&quot;,&quot;background_image_size&quot;:&quot;full&quot;,&quot;background_image_opacity&quot;:&quot;100&quot;,&quot;border_thickness&quot;:&quot;1px&quot;}\">\n<div class=\"so-widget-sow-editor so-widget-sow-editor-base\">\n<h2 class=\"widget-title\">Votre location appartement \u00e0 Talloires au bord du lac d&#8217;Annecy<\/h2>\n<div class=\"siteorigin-widget-tinymce textwidget\">\n<p>Appartement de charme avec vue panoramique &#8211; Talloires, Lac d&#8217;Annecy<br \/>\nOffrez-vous un s\u00e9jour inoubliable \u00e0 Talloires, dans un cadre idyllique entre lac et montagnes. Nich\u00e9 dans une r\u00e9sidence pris\u00e9e, cet appartement spacieux de 81 m\u00b2 est l\u2019endroit parfait pour des vacances reposantes ou sportives en Haute-Savoie. Vous profiterez d&#8217;une vue exceptionnelle sur le lac d&#8217;Annecy et les sommets environnants, dans une atmosph\u00e8re paisible et authentique.<\/p>\n<p>&#x1f6ad; Le logement est strictement non-fumeur.<br \/>\n&#x1f43e; Les animaux de compagnie ne sont pas accept\u00e9s.<br \/>\n&#x1f319; Merci de respecter le calme de la r\u00e9sidence apr\u00e8s 22h.<\/p>\n<p>&#x26a0; Informations importantes<br \/>\n&#x1f4cc; Assistance sur place disponible uniquement jusqu&#8217;\u00e0 20h. Nous ne pourrons pas intervenir en cas de probl\u00e8me au-del\u00e0 de cet horaire.<\/p>\n<p>&#x1f4c5; R\u00e9servez d\u00e8s maintenant votre escapade \u00e0 Talloires pour vivre des souvenirs m\u00e9morables entre lac et montagnes !<br \/>\n&#x1f48c; Nous restons \u00e0 votre disposition pour toute information compl\u00e9mentaire.<\/p>\n<\/div>\n<\/div>\n<\/div>\n<\/div>\n<\/div>\n<div id=\"pg-19130-2\" class=\"panel-grid panel-no-style\" data-style=\"{&quot;background_image_attachment&quot;:false,&quot;background_display&quot;:&quot;tile&quot;,&quot;full_height&quot;:&quot;&quot;,&quot;bottom_margin&quot;:&quot;100px&quot;,&quot;cell_alignment&quot;:&quot;flex-start&quot;}\">\n<div id=\"pgc-19130-2-0\" class=\"panel-grid-cell\" data-weight=\"1\">\n<div id=\"panel-19130-2-0-0\" class=\"so-panel widget widget_sow-editor panel-first-child panel-last-child\" data-index=\"2\" data-style=\"{&quot;background_image_attachment&quot;:false,&quot;background_display&quot;:&quot;tile&quot;,&quot;background_image_size&quot;:&quot;full&quot;,&quot;background_image_opacity&quot;:&quot;100&quot;,&quot;border_thickness&quot;:&quot;1px&quot;}\">\n<div class=\"so-widget-sow-editor so-widget-sow-editor-base\">\n<h2 class=\"widget-title\">Disposition de votre location \u00e0 Talloires<\/h2>\n<div class=\"siteorigin-widget-tinymce textwidget\">\n<p>Disposition de l\u2019appartement :<\/p>\n<p>&#x1f6cf;&#xfe0f; 2 chambres confortables<\/p>\n<p>&#x1f6c1; 1 salle de bains<\/p>\n<p>&#x1f6bf; 1 salle d&#8217;eau suppl\u00e9mentaire<\/p>\n<p>&#x1f6bd; 2 toilettes s\u00e9par\u00e9s<\/p>\n<p>&#x1f6cb;&#xfe0f; 1 grand s\u00e9jour lumineux avec cuisine ouverte<\/p>\n<p>&#x1f305; 1 terrasse de 20 m\u00b2 avec vue panoramique sur le lac et les montagnes<\/p>\n<p>&#x1f3ca; Acc\u00e8s \u00e0 la piscine partag\u00e9e de la r\u00e9sidence<\/p>\n<p>&#x1f17f;&#xfe0f; Place de parking priv\u00e9e n\u00b012<\/p>\n<\/div>\n<\/div>\n<\/div>\n<\/div>\n<\/div>\n<div id=\"pg-19130-3\" class=\"panel-grid panel-no-style\" data-style=\"{&quot;background_image_attachment&quot;:false,&quot;background_display&quot;:&quot;tile&quot;,&quot;full_height&quot;:&quot;&quot;,&quot;bottom_margin&quot;:&quot;100px&quot;,&quot;cell_alignment&quot;:&quot;flex-start&quot;}\">\n<div id=\"pgc-19130-3-0\" class=\"panel-grid-cell\" data-weight=\"1\">\n<div id=\"panel-19130-3-0-0\" class=\"so-panel widget widget_swph-equipments panel-first-child panel-last-child\" data-index=\"3\" data-style=\"{&quot;background_image_attachment&quot;:false,&quot;background_display&quot;:&quot;tile&quot;,&quot;background_image_size&quot;:&quot;full&quot;,&quot;background_image_opacity&quot;:&quot;100&quot;,&quot;border_thickness&quot;:&quot;1px&quot;}\"><div\n\t\t\t\n\t\t\tclass=\"so-widget-swph-equipments so-widget-\"\n\t\t\t\n\t\t><div class=\"equipments\">\n    <h2 class=\"utilites-title\"><\/h2>\n    \n<\/div><\/div><\/div>\n<\/div>\n<\/div>\n<div id=\"pg-19130-4\" class=\"panel-grid panel-no-style\" data-style=\"{&quot;background_image_attachment&quot;:false,&quot;background_display&quot;:&quot;tile&quot;,&quot;full_height&quot;:&quot;&quot;,&quot;bottom_margin&quot;:&quot;100px&quot;,&quot;cell_alignment&quot;:&quot;flex-start&quot;}\">\n<div id=\"pgc-19130-4-0\" class=\"panel-grid-cell\" data-weight=\"1\">\n<div id=\"panel-19130-4-0-0\" class=\"so-panel widget widget_swph-product-services panel-first-child panel-last-child\" data-index=\"4\" data-style=\"{&quot;background_image_attachment&quot;:false,&quot;background_display&quot;:&quot;tile&quot;,&quot;background_image_size&quot;:&quot;full&quot;,&quot;background_image_opacity&quot;:&quot;100&quot;,&quot;border_thickness&quot;:&quot;1px&quot;}\"><div\n\t\t\t\n\t\t\tclass=\"so-widget-swph-product-services so-widget-swph-product-services-base\"\n\t\t\t\n\t\t><div class=\"product-services\">\n    \n    <h2 class=\"widget-title\"> Nos services de conciergerie \u00e0 <br> Annecy <\/h2>\n    <p class=\"widget-subtitle\">En tant que Conciergerie, haut de gamme, nous proposons \u00e0 notre client\u00e8le propri\u00e9taires et locataire des services annexes et sur mesure \u00e0 proximit\u00e9 d'Annecy :<\/p>\n\n    \n<\/div><\/div><\/div>\n<\/div>\n<\/div>\n<div id=\"pg-19130-5\" class=\"panel-grid panel-no-style\" data-style=\"{&quot;background_image_attachment&quot;:false,&quot;background_display&quot;:&quot;tile&quot;,&quot;full_height&quot;:&quot;&quot;,&quot;bottom_margin&quot;:&quot;100px&quot;,&quot;cell_alignment&quot;:&quot;flex-start&quot;}\">\n<div id=\"pgc-19130-5-0\" class=\"panel-grid-cell\" data-weight=\"1\">\n<div id=\"panel-19130-5-0-0\" class=\"so-panel widget widget_swph-map panel-first-child panel-last-child\" data-index=\"5\" data-style=\"{&quot;background_image_attachment&quot;:false,&quot;background_display&quot;:&quot;tile&quot;}\"><div\n\t\t\t\n\t\t\tclass=\"so-widget-swph-map so-widget-\"\n\t\t\t\n\t\t>                                                                                                                            <!-- <h2 class=\"widget-title\">O\u00f9 se trouve votre location<\/h2>\n -->\n<div class=\"map\" >\n    <h2 class=\"widget-title\"><\/h2>\n    <div class=\"map-container\" id=\"map\"><\/div>\n    <script async defer src=\"https:\/\/maps.googleapis.com\/maps\/api\/js?key=AIzaSyDqjatiOyC746ihXxbvOpQOpYVH_jWjvhY&callback=initMap&libraries=&v=beta&map_ids=617ec2058dce724c\"><\/script>\n    <!--<script async defer src=\"--><!--\/sandbox\/greg\/brc\/wp-content\/themes\/brc\/assets\/js\/richmarker.js\"><\/script>-->\n    \n    \n    <script>\n        \/\/ jQuery(document).ready(function () {\n            let map;\n\n            function initMap() {\n                map = new google.maps.Map(document.getElementById(\"map\"), {\n                    center: { lat: 45.8401475, lng: 6.2145652 },\n                    mapId: \"617ec2058dce724c\",\n                    zoom:12,\n                });\n\n                \/\/main marker\n                new google.maps.Marker({\n                    position: { lat: 45.8401475, lng: 6.2145652 },\n                    map,\n                    \/\/ title: \"1\",\n                    icon:'https:\/\/www.annecylocation.com\/wp-content\/themes\/brc\/assets\/images\/main-marker.png',\n                    \/\/ label: {\n                    \/\/     text: \"1\",\n                    \/\/     color: \"#ffffff\",\n                    \/\/     fontSize: \"8px\",\n                    \/\/     fontWeight: \"bold\"\n                    \/\/ }\n                });\n    \n                                                                                                                                                                                                                                                                                                                                                \n            }\n\n        \n        \/\/ });\n        \n    <\/script>\n\n<\/div><\/div><\/div>\n<\/div>\n<\/div>\n<div id=\"pg-19130-6\" class=\"panel-grid panel-no-style\" data-style=\"{&quot;background_image_attachment&quot;:false,&quot;background_display&quot;:&quot;tile&quot;,&quot;full_height&quot;:&quot;&quot;,&quot;cell_alignment&quot;:&quot;flex-start&quot;}\">\n<div id=\"pgc-19130-6-0\" class=\"panel-grid-cell\" data-weight=\"1\">\n<div id=\"panel-19130-6-0-0\" class=\"so-panel widget widget_swph-activities panel-first-child panel-last-child\" data-index=\"6\" data-style=\"{&quot;background_image_attachment&quot;:false,&quot;background_display&quot;:&quot;tile&quot;}\"><div\n\t\t\t\n\t\t\tclass=\"so-widget-swph-activities so-widget-swph-activities-base\"\n\t\t\t\n\t\t><div class=\"activities\">\n    <h2 class=\"widget-title\"><\/h2>\n    \n<\/div><\/div><\/div>\n<\/div>\n<\/div>\n<\/div>\n","protected":false},"excerpt":{"rendered":"<p>Votre location appartement \u00e0 Talloires au bord du lac d&#8217;Annecy Appartement de charme avec vue panoramique &#8211; Talloires, Lac d&#8217;Annecy Offrez-vous un s\u00e9jour inoubliable \u00e0 Talloires, dans un cadre idyllique entre lac et montagnes. Nich\u00e9 dans une r\u00e9sidence pris\u00e9e, cet appartement spacieux de 81 m\u00b2 est l\u2019endroit parfait pour des vacances reposantes ou sportives en [&hellip;]<\/p>\n","protected":false},"featured_media":20175,"template":"","meta":[],"product_brand":[],"product_cat":[21],"product_tag":[],"class_list":{"0":"post-20021","1":"product","2":"type-product","3":"status-publish","4":"has-post-thumbnail","6":"product_cat-talloires","8":"first","9":"instock","10":"virtual","11":"product-type-simple"},"yoast_head":"<!-- This site is optimized with the Yoast SEO plugin v26.2 - https:\/\/yoast.com\/wordpress\/plugins\/seo\/ -->\n<title>Location appartement de charme \u00e0 Talloires - lac d&#039;Annecy<\/title>\n<meta name=\"description\" content=\"Vous recherchez une location airbnb au bord du lac d&#039;Annecy ? Notre location d&#039;appartement \u00e0 Talloires r\u00e9pondra \u00e0 toutes vos attentes\" \/>\n<meta name=\"robots\" content=\"index, follow, max-snippet:-1, max-image-preview:large, max-video-preview:-1\" \/>\n<link rel=\"canonical\" href=\"https:\/\/annecylocation.com\/fr\/location\/talloires\/lhermitage-appartement-vue-panoramique\/\" \/>\n<meta property=\"og:locale\" content=\"fr_FR\" \/>\n<meta property=\"og:type\" content=\"article\" \/>\n<meta property=\"og:title\" content=\"Location appartement de charme \u00e0 Talloires - lac d&#039;Annecy\" \/>\n<meta property=\"og:description\" content=\"Vous recherchez une location airbnb au bord du lac d&#039;Annecy ? Notre location d&#039;appartement \u00e0 Talloires r\u00e9pondra \u00e0 toutes vos attentes\" \/>\n<meta property=\"og:url\" content=\"https:\/\/annecylocation.com\/fr\/location\/talloires\/lhermitage-appartement-vue-panoramique\/\" \/>\n<meta property=\"og:site_name\" content=\"AnnecyLocation\" \/>\n<meta property=\"article:modified_time\" content=\"2025-05-09T12:46:10+00:00\" \/>\n<meta property=\"og:image\" content=\"https:\/\/annecylocation.com\/wp-content\/uploads\/2025\/05\/Talloires-Annecy-Location-2500-px-Compo-001-SD.jpg\" \/>\n\t<meta property=\"og:image:width\" content=\"2500\" \/>\n\t<meta property=\"og:image:height\" content=\"1667\" \/>\n\t<meta property=\"og:image:type\" content=\"image\/jpeg\" \/>\n<meta name=\"twitter:card\" content=\"summary_large_image\" \/>\n<meta name=\"twitter:label1\" content=\"Dur\u00e9e de lecture estim\u00e9e\" \/>\n\t<meta name=\"twitter:data1\" content=\"1 minute\" \/>\n<script type=\"application\/ld+json\" class=\"yoast-schema-graph\">{\"@context\":\"https:\/\/schema.org\",\"@graph\":[{\"@type\":\"WebPage\",\"@id\":\"https:\/\/annecylocation.com\/fr\/location\/talloires\/lhermitage-appartement-vue-panoramique\/\",\"url\":\"https:\/\/annecylocation.com\/fr\/location\/talloires\/lhermitage-appartement-vue-panoramique\/\",\"name\":\"Location appartement de charme \u00e0 Talloires - lac d'Annecy\",\"isPartOf\":{\"@id\":\"https:\/\/annecylocation.com\/#website\"},\"primaryImageOfPage\":{\"@id\":\"https:\/\/annecylocation.com\/fr\/location\/talloires\/lhermitage-appartement-vue-panoramique\/#primaryimage\"},\"image\":{\"@id\":\"https:\/\/annecylocation.com\/fr\/location\/talloires\/lhermitage-appartement-vue-panoramique\/#primaryimage\"},\"thumbnailUrl\":\"https:\/\/annecylocation.com\/wp-content\/uploads\/2025\/05\/Talloires-Annecy-Location-2500-px-Compo-001-SD.jpg\",\"datePublished\":\"2025-05-02T12:50:38+00:00\",\"dateModified\":\"2025-05-09T12:46:10+00:00\",\"description\":\"Vous recherchez une location airbnb au bord du lac d'Annecy ? Notre location d'appartement \u00e0 Talloires r\u00e9pondra \u00e0 toutes vos attentes\",\"breadcrumb\":{\"@id\":\"https:\/\/annecylocation.com\/fr\/location\/talloires\/lhermitage-appartement-vue-panoramique\/#breadcrumb\"},\"inLanguage\":\"fr-FR\",\"potentialAction\":[{\"@type\":\"ReadAction\",\"target\":[\"https:\/\/annecylocation.com\/fr\/location\/talloires\/lhermitage-appartement-vue-panoramique\/\"]}]},{\"@type\":\"ImageObject\",\"inLanguage\":\"fr-FR\",\"@id\":\"https:\/\/annecylocation.com\/fr\/location\/talloires\/lhermitage-appartement-vue-panoramique\/#primaryimage\",\"url\":\"https:\/\/annecylocation.com\/wp-content\/uploads\/2025\/05\/Talloires-Annecy-Location-2500-px-Compo-001-SD.jpg\",\"contentUrl\":\"https:\/\/annecylocation.com\/wp-content\/uploads\/2025\/05\/Talloires-Annecy-Location-2500-px-Compo-001-SD.jpg\",\"width\":2500,\"height\":1667},{\"@type\":\"BreadcrumbList\",\"@id\":\"https:\/\/annecylocation.com\/fr\/location\/talloires\/lhermitage-appartement-vue-panoramique\/#breadcrumb\",\"itemListElement\":[{\"@type\":\"ListItem\",\"position\":1,\"name\":\"Home\",\"item\":\"https:\/\/annecylocation.com\/fr\/\"},{\"@type\":\"ListItem\",\"position\":2,\"name\":\"Location\",\"item\":\"https:\/\/annecylocation.com\/fr\/location\/\"},{\"@type\":\"ListItem\",\"position\":3,\"name\":\"L&#8217;Hermitage \u2013 Appartement Vue Panoramique\"}]},{\"@type\":\"WebSite\",\"@id\":\"https:\/\/annecylocation.com\/#website\",\"url\":\"https:\/\/annecylocation.com\/\",\"name\":\"AnnecyLocation\",\"description\":\"Location airbnb et conciergerie \u00e0 Annecy\",\"publisher\":{\"@id\":\"https:\/\/annecylocation.com\/#organization\"},\"potentialAction\":[{\"@type\":\"SearchAction\",\"target\":{\"@type\":\"EntryPoint\",\"urlTemplate\":\"https:\/\/annecylocation.com\/?s={search_term_string}\"},\"query-input\":{\"@type\":\"PropertyValueSpecification\",\"valueRequired\":true,\"valueName\":\"search_term_string\"}}],\"inLanguage\":\"fr-FR\"},{\"@type\":\"Organization\",\"@id\":\"https:\/\/annecylocation.com\/#organization\",\"name\":\"AnnecyLocation\",\"url\":\"https:\/\/annecylocation.com\/\",\"logo\":{\"@type\":\"ImageObject\",\"inLanguage\":\"fr-FR\",\"@id\":\"https:\/\/annecylocation.com\/#\/schema\/logo\/image\/\",\"url\":\"https:\/\/annecylocation.com\/wp-content\/uploads\/2021\/06\/cropped-big-logo-annecylocation-large.png\",\"contentUrl\":\"https:\/\/annecylocation.com\/wp-content\/uploads\/2021\/06\/cropped-big-logo-annecylocation-large.png\",\"width\":512,\"height\":512,\"caption\":\"AnnecyLocation\"},\"image\":{\"@id\":\"https:\/\/annecylocation.com\/#\/schema\/logo\/image\/\"}}]}<\/script>\n<!-- \/ Yoast SEO plugin. -->","yoast_head_json":{"title":"Location appartement de charme \u00e0 Talloires - lac d'Annecy","description":"Vous recherchez une location airbnb au bord du lac d'Annecy ? Notre location d'appartement \u00e0 Talloires r\u00e9pondra \u00e0 toutes vos attentes","robots":{"index":"index","follow":"follow","max-snippet":"max-snippet:-1","max-image-preview":"max-image-preview:large","max-video-preview":"max-video-preview:-1"},"canonical":"https:\/\/annecylocation.com\/fr\/location\/talloires\/lhermitage-appartement-vue-panoramique\/","og_locale":"fr_FR","og_type":"article","og_title":"Location appartement de charme \u00e0 Talloires - lac d'Annecy","og_description":"Vous recherchez une location airbnb au bord du lac d'Annecy ? Notre location d'appartement \u00e0 Talloires r\u00e9pondra \u00e0 toutes vos attentes","og_url":"https:\/\/annecylocation.com\/fr\/location\/talloires\/lhermitage-appartement-vue-panoramique\/","og_site_name":"AnnecyLocation","article_modified_time":"2025-05-09T12:46:10+00:00","og_image":[{"width":2500,"height":1667,"url":"https:\/\/annecylocation.com\/wp-content\/uploads\/2025\/05\/Talloires-Annecy-Location-2500-px-Compo-001-SD.jpg","type":"image\/jpeg"}],"twitter_card":"summary_large_image","twitter_misc":{"Dur\u00e9e de lecture estim\u00e9e":"1 minute"},"schema":{"@context":"https:\/\/schema.org","@graph":[{"@type":"WebPage","@id":"https:\/\/annecylocation.com\/fr\/location\/talloires\/lhermitage-appartement-vue-panoramique\/","url":"https:\/\/annecylocation.com\/fr\/location\/talloires\/lhermitage-appartement-vue-panoramique\/","name":"Location appartement de charme \u00e0 Talloires - lac d'Annecy","isPartOf":{"@id":"https:\/\/annecylocation.com\/#website"},"primaryImageOfPage":{"@id":"https:\/\/annecylocation.com\/fr\/location\/talloires\/lhermitage-appartement-vue-panoramique\/#primaryimage"},"image":{"@id":"https:\/\/annecylocation.com\/fr\/location\/talloires\/lhermitage-appartement-vue-panoramique\/#primaryimage"},"thumbnailUrl":"https:\/\/annecylocation.com\/wp-content\/uploads\/2025\/05\/Talloires-Annecy-Location-2500-px-Compo-001-SD.jpg","datePublished":"2025-05-02T12:50:38+00:00","dateModified":"2025-05-09T12:46:10+00:00","description":"Vous recherchez une location airbnb au bord du lac d'Annecy ? Notre location d'appartement \u00e0 Talloires r\u00e9pondra \u00e0 toutes vos attentes","breadcrumb":{"@id":"https:\/\/annecylocation.com\/fr\/location\/talloires\/lhermitage-appartement-vue-panoramique\/#breadcrumb"},"inLanguage":"fr-FR","potentialAction":[{"@type":"ReadAction","target":["https:\/\/annecylocation.com\/fr\/location\/talloires\/lhermitage-appartement-vue-panoramique\/"]}]},{"@type":"ImageObject","inLanguage":"fr-FR","@id":"https:\/\/annecylocation.com\/fr\/location\/talloires\/lhermitage-appartement-vue-panoramique\/#primaryimage","url":"https:\/\/annecylocation.com\/wp-content\/uploads\/2025\/05\/Talloires-Annecy-Location-2500-px-Compo-001-SD.jpg","contentUrl":"https:\/\/annecylocation.com\/wp-content\/uploads\/2025\/05\/Talloires-Annecy-Location-2500-px-Compo-001-SD.jpg","width":2500,"height":1667},{"@type":"BreadcrumbList","@id":"https:\/\/annecylocation.com\/fr\/location\/talloires\/lhermitage-appartement-vue-panoramique\/#breadcrumb","itemListElement":[{"@type":"ListItem","position":1,"name":"Home","item":"https:\/\/annecylocation.com\/fr\/"},{"@type":"ListItem","position":2,"name":"Location","item":"https:\/\/annecylocation.com\/fr\/location\/"},{"@type":"ListItem","position":3,"name":"L&#8217;Hermitage \u2013 Appartement Vue Panoramique"}]},{"@type":"WebSite","@id":"https:\/\/annecylocation.com\/#website","url":"https:\/\/annecylocation.com\/","name":"AnnecyLocation","description":"Location airbnb et conciergerie \u00e0 Annecy","publisher":{"@id":"https:\/\/annecylocation.com\/#organization"},"potentialAction":[{"@type":"SearchAction","target":{"@type":"EntryPoint","urlTemplate":"https:\/\/annecylocation.com\/?s={search_term_string}"},"query-input":{"@type":"PropertyValueSpecification","valueRequired":true,"valueName":"search_term_string"}}],"inLanguage":"fr-FR"},{"@type":"Organization","@id":"https:\/\/annecylocation.com\/#organization","name":"AnnecyLocation","url":"https:\/\/annecylocation.com\/","logo":{"@type":"ImageObject","inLanguage":"fr-FR","@id":"https:\/\/annecylocation.com\/#\/schema\/logo\/image\/","url":"https:\/\/annecylocation.com\/wp-content\/uploads\/2021\/06\/cropped-big-logo-annecylocation-large.png","contentUrl":"https:\/\/annecylocation.com\/wp-content\/uploads\/2021\/06\/cropped-big-logo-annecylocation-large.png","width":512,"height":512,"caption":"AnnecyLocation"},"image":{"@id":"https:\/\/annecylocation.com\/#\/schema\/logo\/image\/"}}]}},"_links":{"self":[{"href":"https:\/\/annecylocation.com\/fr\/wp-json\/wp\/v2\/product\/20021","targetHints":{"allow":["GET"]}}],"collection":[{"href":"https:\/\/annecylocation.com\/fr\/wp-json\/wp\/v2\/product"}],"about":[{"href":"https:\/\/annecylocation.com\/fr\/wp-json\/wp\/v2\/types\/product"}],"wp:featuredmedia":[{"embeddable":true,"href":"https:\/\/annecylocation.com\/fr\/wp-json\/wp\/v2\/media\/20175"}],"wp:attachment":[{"href":"https:\/\/annecylocation.com\/fr\/wp-json\/wp\/v2\/media?parent=20021"}],"wp:term":[{"taxonomy":"product_brand","embeddable":true,"href":"https:\/\/annecylocation.com\/fr\/wp-json\/wp\/v2\/product_brand?post=20021"},{"taxonomy":"product_cat","embeddable":true,"href":"https:\/\/annecylocation.com\/fr\/wp-json\/wp\/v2\/product_cat?post=20021"},{"taxonomy":"product_tag","embeddable":true,"href":"https:\/\/annecylocation.com\/fr\/wp-json\/wp\/v2\/product_tag?post=20021"}],"curies":[{"name":"wp","href":"https:\/\/api.w.org\/{rel}","templated":true}]}}